{"id":320,"date":"2018-06-29T14:38:56","date_gmt":"2018-06-29T17:38:56","guid":{"rendered":"http:\/\/hnserver.com.br\/~nitprev\/cac\/?page_id=320"},"modified":"2026-04-01T10:58:36","modified_gmt":"2026-04-01T13:58:36","slug":"relatorios-atuariais","status":"publish","type":"page","link":"https:\/\/niteroiprev.niteroi.rj.gov.br\/?page_id=320","title":{"rendered":"Relat\u00f3rios Atuariais"},"content":{"rendered":"<div  class=\"fusion-fullwidth fullwidth-box nonhundred-percent-fullwidth\"  style='background-color: rgba(255,255,255,0);background-position: center center;background-repeat: no-repeat;padding-top:0px;padding-right:0px;padding-bottom:0px;padding-left:0px;'><div class=\"fusion-builder-row fusion-row \"><div  class=\"fusion-layout-column fusion_builder_column fusion_builder_column_1_1  fusion-one-full fusion-column-first fusion-column-last 1_1\"  style='margin-top:0px;margin-bottom:20px;'>\n\t\t\t\t\t<div class=\"fusion-column-wrapper\" style=\"background-position:left top;background-repeat:no-repeat;-webkit-background-size:cover;-moz-background-size:cover;-o-background-size:cover;background-size:cover;\"  data-bg-url=\"\">\n\t\t\t\t\t\t<div class=\"fusion-title title fusion-sep-none fusion-title-center fusion-title-size-one\" style=\"margin-top:0px;margin-bottom:31px;\"><h1 class=\"title-heading-center\">Relat\u00f3rios Atuariais<\/h1><\/div><style type=\"text\/css\" scoped=\"scoped\"> }<\/style><div class=\"accordian fusion-accordian\"><div class=\"panel-group\" id=\"accordion-320-1\">\n<div class=\"fusion-panel panel-default\"><div class=\"panel-heading\"><h4 class=\"panel-title toggle\"><a data-toggle=\"collapse\" data-parent=\"#accordion-320-1\" data-target=\"#f0fdeac4b530d6be5\" href=\"#f0fdeac4b530d6be5\"><div class=\"fusion-toggle-icon-wrapper\"><i class=\"fa-fusion-box\"><\/i><\/div><div class=\"fusion-toggle-heading\">2026<\/div><\/a><\/h4><\/div><div id=\"f0fdeac4b530d6be5\" class=\"panel-collapse collapse \"><div class=\"panel-body toggle-content\">\n<h3><a href=\"https:\/\/niteroiprev.niteroi.rj.gov.br\/wp-content\/uploads\/2026\/04\/Relatorio-de-Avaliacao-Atuarial-2025-Exercicio-2026.pdf\" target=\"_blank\" rel=\"noopener\">\u00bb AVALIA\u00c7\u00c3O ATUARIAL 2026 \u2013 NITER\u00d3I PREV<\/a><\/h3>\n<h3><a href=\"https:\/\/niteroiprev.niteroi.rj.gov.br\/wp-content\/uploads\/2026\/04\/DRAA-Niteroi-2026.pdf\" target=\"_blank\" rel=\"noopener\">\u00bb DRAA 2026 &#8211; NITER\u00d3I PREV<\/a><\/h3>\n<h3><a href=\"https:\/\/niteroiprev.niteroi.rj.gov.br\/wp-content\/uploads\/2026\/04\/Nota-Tecnica-Atuarial-Fundo-Financeiro.pdf\" target=\"_blank\" rel=\"noopener\">\u00bb NOTA T\u00c9CNICA ATUARIAL &#8211; FUNDO FINANCEIRO<\/a><\/h3>\n<h3><a href=\"https:\/\/niteroiprev.niteroi.rj.gov.br\/wp-content\/uploads\/2026\/04\/Nota-Tecnica-Atuarial-Fundo-Previdenciario.pdf\" target=\"_blank\" rel=\"noopener\">\u00bb NOTA T\u00c9CNICA ATUARIAL &#8211; FUNDO PREVIDENCI\u00c1RIO<\/a><\/h3>\n<\/div><\/div><\/div>\n<div class=\"fusion-panel panel-default\"><div class=\"panel-heading\"><h4 class=\"panel-title toggle\"><a data-toggle=\"collapse\" data-parent=\"#accordion-320-1\" data-target=\"#7b8679c1646b5d300\" href=\"#7b8679c1646b5d300\"><div class=\"fusion-toggle-icon-wrapper\"><i class=\"fa-fusion-box\"><\/i><\/div><div class=\"fusion-toggle-heading\">2025<\/div><\/a><\/h4><\/div><div id=\"7b8679c1646b5d300\" class=\"panel-collapse collapse \"><div class=\"panel-body toggle-content\">\n<h3><a href=\"https:\/\/niteroiprev.niteroi.rj.gov.br\/wp-content\/uploads\/2025\/04\/AVALIACAO-ATUARIAL-2025-\u2013-NITEROI-PREV.pdf\" target=\"_blank\" rel=\"noopener\">\u00bb AVALIA\u00c7\u00c3O ATUARIAL 2025 \u2013 NITER\u00d3I PREV<\/a><\/h3>\n<h3><a href=\"https:\/\/niteroiprev.niteroi.rj.gov.br\/wp-content\/uploads\/2025\/04\/DRAA-2025-\u2013-NITEROI-PREV.pdf\" target=\"_blank\" rel=\"noopener\">\u00bb DRAA 2025 &#8211; NITER\u00d3I PREV<\/a><\/h3>\n<h3><a href=\"https:\/\/niteroiprev.niteroi.rj.gov.br\/wp-content\/uploads\/2025\/07\/1-Relatorio-de-Analise-das-Hipoteses-2025_Niteroi-Relatorios-Atuariais-1.pdf\" target=\"_blank\" rel=\"noopener\">\u00bb HIP\u00d3TESES ATUARIAIS &#8211; NITER\u00d3I PREV<\/a><\/h3>\n<\/div><\/div><\/div>\n<div class=\"fusion-panel panel-default\"><div class=\"panel-heading\"><h4 class=\"panel-title toggle\"><a data-toggle=\"collapse\" data-parent=\"#accordion-320-1\" data-target=\"#ff479fa5a1141bdb0\" href=\"#ff479fa5a1141bdb0\"><div class=\"fusion-toggle-icon-wrapper\"><i class=\"fa-fusion-box\"><\/i><\/div><div class=\"fusion-toggle-heading\">2024<\/div><\/a><\/h4><\/div><div id=\"ff479fa5a1141bdb0\" class=\"panel-collapse collapse \"><div class=\"panel-body toggle-content\">\n<h3><a href=\"https:\/\/niteroiprev.niteroi.rj.gov.br\/wp-content\/uploads\/2024\/04\/AVALIACAO-ATUARIAL-2024-\u2013-NITEROI-PREV.pdf\" target=\"_blank\" rel=\"noopener\">\u00bb AVALIA\u00c7\u00c3O ATUARIAL 2024 \u2013 NITER\u00d3I PREV<\/a><\/h3>\n<h3><a href=\"https:\/\/niteroiprev.niteroi.rj.gov.br\/wp-content\/uploads\/2024\/04\/DRAA-2024-\u2013-NITEROI-PREV.pdf\" target=\"_blank\" rel=\"noopener\">\u00bb DRAA 2024 &#8211; NITER\u00d3I PREV<\/a><\/h3>\n<\/div><\/div><\/div><div class=\"fusion-panel panel-default\"><div class=\"panel-heading\"><h4 class=\"panel-title toggle\"><a data-toggle=\"collapse\" data-parent=\"#accordion-320-1\" data-target=\"#638531bf06fab911f\" href=\"#638531bf06fab911f\"><div class=\"fusion-toggle-icon-wrapper\"><i class=\"fa-fusion-box\"><\/i><\/div><div class=\"fusion-toggle-heading\">2023<\/div><\/a><\/h4><\/div><div id=\"638531bf06fab911f\" class=\"panel-collapse collapse \"><div class=\"panel-body toggle-content\">\n<h3><a href=\"https:\/\/niteroiprev.niteroi.rj.gov.br\/wp-content\/uploads\/2023\/05\/AVALIACAO-ATUARIAL-2023-NITEROI-PREV.pdf\" target=\"_blank\" rel=\"noopener\">\u00bb AVALIA\u00c7\u00c3O ATUARIAL 2023 \u2013 NITER\u00d3I PREV<\/a><\/h3>\n<h3><a href=\"https:\/\/niteroiprev.niteroi.rj.gov.br\/wp-content\/uploads\/2023\/05\/DRAA-2023-NITEROI-PREV.pdf\" target=\"_blank\" rel=\"noopener\">\u00bb DRAA 2023 &#8211; NITER\u00d3I PREV<\/a><\/h3>\n<\/div><\/div><\/div><div class=\"fusion-panel panel-default\"><div class=\"panel-heading\"><h4 class=\"panel-title toggle\"><a data-toggle=\"collapse\" data-parent=\"#accordion-320-1\" data-target=\"#9e1bc7749a5cdfd58\" href=\"#9e1bc7749a5cdfd58\"><div class=\"fusion-toggle-icon-wrapper\"><i class=\"fa-fusion-box\"><\/i><\/div><div class=\"fusion-toggle-heading\">2022<\/div><\/a><\/h4><\/div><div id=\"9e1bc7749a5cdfd58\" class=\"panel-collapse collapse \"><div class=\"panel-body toggle-content\">\n<h3><a href=\"http:\/\/niteroiprev.niteroi.rj.gov.br\/wp-content\/uploads\/2022\/09\/1-Relatorio-Atuarial-Niteroi-RJ-2022-2-1_compressed.pdf\" target=\"_blank\" rel=\"noopener\">\u00bb AVALIA\u00c7\u00c3O ATUARIAL 2022 \u2013 NITER\u00d3I PREV<\/a><\/h3>\n<h3><a href=\"http:\/\/niteroiprev.niteroi.rj.gov.br\/wp-content\/uploads\/2022\/05\/2-Niteroi-DRAA-2022.pdf\" target=\"_blank\" rel=\"noopener\">\u00bb DRAA 2022 &#8211; NITER\u00d3I PREV<\/a><\/h3>\n<\/div><\/div><\/div><div class=\"fusion-panel panel-default\"><div class=\"panel-heading\"><h4 class=\"panel-title toggle\"><a data-toggle=\"collapse\" data-parent=\"#accordion-320-1\" data-target=\"#2c2436824f3844653\" href=\"#2c2436824f3844653\"><div class=\"fusion-toggle-icon-wrapper\"><i class=\"fa-fusion-box\"><\/i><\/div><div class=\"fusion-toggle-heading\">2021<\/div><\/a><\/h4><\/div><div id=\"2c2436824f3844653\" class=\"panel-collapse collapse \"><div class=\"panel-body toggle-content\">\n<h3><a href=\"https:\/\/niteroiprev.niteroi.rj.gov.br\/wp-content\/uploads\/2025\/09\/CERTIFICADO-DRAA-2021.pdf\" target=\"blank\" rel=\"noopener\">\u00bb Certificado de DRAA 2021 <\/a><\/h3>\n<h3><a href=\"https:\/\/niteroiprev.niteroi.rj.gov.br\/wp-content\/uploads\/2025\/09\/AVALIACAO-ATUARIAL-2021-NITEROI-PREV_compressed.pdf\" target=\"blank\" rel=\"noopener\">\u00bb AVALIA\u00c7\u00c3O ATUARIAL 2021 &#8211; NITER\u00d3I PREV<\/a><\/h3>\n<h3><a href=\"https:\/\/niteroiprev.niteroi.rj.gov.br\/wp-content\/uploads\/2025\/09\/DRAA-2021-NITEROI-PREV.pdf\" target=\"blank\" rel=\"noopener\">\u00bb DRAA 2020 &#8211; NITER\u00d3I PREV<\/a><\/h3>\n<\/div><\/div><\/div><div class=\"fusion-panel panel-default\"><div class=\"panel-heading\"><h4 class=\"panel-title toggle\"><a data-toggle=\"collapse\" data-parent=\"#accordion-320-1\" data-target=\"#a80222d710a415314\" href=\"#a80222d710a415314\"><div class=\"fusion-toggle-icon-wrapper\"><i class=\"fa-fusion-box\"><\/i><\/div><div class=\"fusion-toggle-heading\">2020<\/div><\/a><\/h4><\/div><div id=\"a80222d710a415314\" class=\"panel-collapse collapse \"><div class=\"panel-body toggle-content\">\n<h3><a href=\"https:\/\/niteroiprev.niteroi.rj.gov.br\/wp-content\/uploads\/2025\/09\/Certificado-de-DRAA-2020-1_compressed.pdf\" target=\"blank\" rel=\"noopener\">\u00bb Certificado de DRAA 2020 <\/a><\/h3>\n<h3><a href=\"https:\/\/niteroiprev.niteroi.rj.gov.br\/wp-content\/uploads\/2025\/09\/AVALIACAO-ATUARIAL-2020-\u2013-NITEROI-PREV.pdf\" target=\"blank\" rel=\"noopener\">\u00bb AVALIA\u00c7\u00c3O ATUARIAL 2020 &#8211; NITER\u00d3I PREV<\/a><\/h3>\n<h3><a href=\"https:\/\/niteroiprev.niteroi.rj.gov.br\/wp-content\/uploads\/2025\/09\/DRAA-2020-\u2013-NITEROI-PREV.pdf\" target=\"blank\" rel=\"noopener\">\u00bb DRAA 2020 &#8211; NITER\u00d3I PREV<\/a><\/h3>\n<h3><a href=\"https:\/\/drive.google.com\/file\/d\/11rwsbIaRdij1RCvexLPcbuPVQyt52rmu\/view?usp=sharing\" target=\"blank\" rel=\"noopener\">\u00bb NOTA T\u00c9CNICA ATUARIAL FUNDO FINANCEIRO-2020<\/a><\/h3>\n<h3><a href=\"https:\/\/niteroiprev.niteroi.rj.gov.br\/wp-content\/uploads\/2025\/07\/NTA__Niteroiprev_2020_Plano_Previdenciario_compressed.pdf\" target=\"blank\" rel=\"noopener\">\u00bb NOTA T\u00c9CNICA ATUARIAL PLANO PREVIDENCI\u00c1RIO-2020<\/a><\/h3>\n<\/div><\/div><\/div><div class=\"fusion-panel panel-default\"><div class=\"panel-heading\"><h4 class=\"panel-title toggle\"><a data-toggle=\"collapse\" data-parent=\"#accordion-320-1\" data-target=\"#024bee3643dee4879\" href=\"#024bee3643dee4879\"><div class=\"fusion-toggle-icon-wrapper\"><i class=\"fa-fusion-box\"><\/i><\/div><div class=\"fusion-toggle-heading\">2019<\/div><\/a><\/h4><\/div><div id=\"024bee3643dee4879\" class=\"panel-collapse collapse \"><div class=\"panel-body toggle-content\">\n<h3><a href=\"https:\/\/niteroiprev.niteroi.rj.gov.br\/wp-content\/uploads\/2025\/09\/CERTIFICADO-DRAA-2019_compressed.pdf\" target=\"blank\" rel=\"noopener\">\u00bb Certificado de DRAA 2019 <\/a><\/h3>\n<h3><a href=\"https:\/\/niteroiprev.niteroi.rj.gov.br\/wp-content\/uploads\/2025\/09\/AVALIACAO-ATUARIAL-2019-NITEROI-PREV_compressed.pdf\" target=\"blank\" rel=\"noopener\">\u00bb AVALIA\u00c7\u00c3O ATUARIAL 2019 &#8211; NITER\u00d3I PREV<\/a><\/h3>\n<h3><a href=\"https:\/\/niteroiprev.niteroi.rj.gov.br\/wp-content\/uploads\/2025\/09\/Niteroi_DRAA-2019.pdf\" target=\"blank\" rel=\"noopener\">\u00bb DRAA 2019 &#8211; NITER\u00d3I PREV<\/a><\/h3>\n<\/div><\/div><\/div><div class=\"fusion-panel panel-default\"><div class=\"panel-heading\"><h4 class=\"panel-title toggle\"><a data-toggle=\"collapse\" data-parent=\"#accordion-320-1\" data-target=\"#afc0e4ea0724f96ed\" href=\"#afc0e4ea0724f96ed\"><div class=\"fusion-toggle-icon-wrapper\"><i class=\"fa-fusion-box\"><\/i><\/div><div class=\"fusion-toggle-heading\">2018<\/div><\/a><\/h4><\/div><div id=\"afc0e4ea0724f96ed\" class=\"panel-collapse collapse \"><div class=\"panel-body toggle-content\">\n<h3><a href=\"https:\/\/niteroiprev.niteroi.rj.gov.br\/wp-content\/uploads\/2025\/09\/DRAA-2018-NITEROI-PREV.pdf\" target=\"blank\" rel=\"noopener\">\u00bb DRAA 2018 &#8211; NITER\u00d3I PREV<\/a><\/h3>\n<h3><a href=\"https:\/\/niteroiprev.niteroi.rj.gov.br\/wp-content\/uploads\/2025\/09\/Certificado-de-DRAA-2018.pdf\" target=\"blank\" rel=\"noopener\">\u00bb Certificado de DRAA 2018<\/a><\/h3>\n<h3><a href=\"https:\/\/niteroiprev.niteroi.rj.gov.br\/wp-content\/uploads\/2025\/09\/AVALIACAO-ATUARIAL-2018-NITEROI-PREV.pdf\" target=\"blank\" rel=\"noopener\">\u00bb AVALIA\u00c7\u00c3O ATUARIAL 2018 &#8211; NITER\u00d3I PREV<\/a><\/h3>\n<\/div><\/div><\/div><div class=\"fusion-panel panel-default\"><div class=\"panel-heading\"><h4 class=\"panel-title toggle\"><a data-toggle=\"collapse\" data-parent=\"#accordion-320-1\" data-target=\"#eba7350aa375f27b5\" href=\"#eba7350aa375f27b5\"><div class=\"fusion-toggle-icon-wrapper\"><i class=\"fa-fusion-box\"><\/i><\/div><div class=\"fusion-toggle-heading\">2017<\/div><\/a><\/h4><\/div><div id=\"eba7350aa375f27b5\" class=\"panel-collapse collapse \"><div class=\"panel-body toggle-content\">\n<h3><a href=\"https:\/\/niteroiprev.niteroi.rj.gov.br\/wp-content\/uploads\/2023\/11\/Avaliacao-Atuarial-2017.pdf\" target=\"_blank\" rel=\"noopener\">\u00bb AVALIA\u00c7\u00c3O ATUARIAL 2017 &#8211; Niter\u00f3i Prev<\/a><\/h3>\n<h3><a href=\"https:\/\/niteroiprev.niteroi.rj.gov.br\/wp-content\/uploads\/2023\/11\/CERTIFICADO-DE-D.R.A.A.-2017.pdf\" target=\"_blank\" rel=\"noopener\">\u00bb CERTIFICADO DE D.R.A.A -2017<\/a><\/h3>\n<h3><a href=\"https:\/\/niteroiprev.niteroi.rj.gov.br\/wp-content\/uploads\/2023\/11\/DRAA-2017-NITEROI-PREV.pdf\" target=\"_blank\" rel=\"noopener\">\u00bb DRAA 2017 &#8211; NITER\u00d3I PREV<\/a><\/h3>\n<\/div><\/div><\/div><div class=\"fusion-panel panel-default\"><div class=\"panel-heading\"><h4 class=\"panel-title toggle\"><a data-toggle=\"collapse\" data-parent=\"#accordion-320-1\" data-target=\"#b7fb8ef38305572b3\" href=\"#b7fb8ef38305572b3\"><div class=\"fusion-toggle-icon-wrapper\"><i class=\"fa-fusion-box\"><\/i><\/div><div class=\"fusion-toggle-heading\">2016<\/div><\/a><\/h4><\/div><div id=\"b7fb8ef38305572b3\" class=\"panel-collapse collapse \"><div class=\"panel-body toggle-content\">\n<h3><a href=\"https:\/\/niteroiprev.niteroi.rj.gov.br\/wp-content\/uploads\/2023\/11\/Avaliacao-Atuarial-2016.pdf\" target=\"_blank\" rel=\"noopener\">\u00bb AVALIA\u00c7\u00c3O ATUARIAL 2016 &#8211; Niter\u00f3i Prev<\/a><\/h3>\n<h3><a href=\"https:\/\/niteroiprev.niteroi.rj.gov.br\/wp-content\/uploads\/2023\/11\/DRAA-2016-NITEROI-PREV.pdf\" target=\"_blank\" rel=\"noopener\">\u00bb DRAA 2016 &#8211; NITER\u00d3I PREV<\/a><\/h3>\n<\/div><\/div><\/div><div class=\"fusion-panel panel-default\"><div class=\"panel-heading\"><h4 class=\"panel-title toggle\"><a data-toggle=\"collapse\" data-parent=\"#accordion-320-1\" data-target=\"#4768c304601b974d8\" href=\"#4768c304601b974d8\"><div class=\"fusion-toggle-icon-wrapper\"><i class=\"fa-fusion-box\"><\/i><\/div><div class=\"fusion-toggle-heading\">2015<\/div><\/a><\/h4><\/div><div id=\"4768c304601b974d8\" class=\"panel-collapse collapse \"><div class=\"panel-body toggle-content\">\n<h3><a href=\"https:\/\/niteroiprev.niteroi.rj.gov.br\/wp-content\/uploads\/2023\/11\/Avaliacao-Atuarial-2015.pdf\" target=\"_blank\" rel=\"noopener\">\u00bb AVALIA\u00c7\u00c3O ATUARIAL 2015 &#8211; Niter\u00f3i Prev<\/a><\/h3>\n<h3><a href=\"https:\/\/niteroiprev.niteroi.rj.gov.br\/wp-content\/uploads\/2023\/11\/DRAA-2015-NITEROI-PREV.pdf\" target=\"_blank\" rel=\"noopener\">\u00bb DRAA 2015 &#8211; NITER\u00d3I PREV<\/a><\/h3>\n<\/div><\/div><\/div><div class=\"fusion-panel panel-default\"><div class=\"panel-heading\"><h4 class=\"panel-title toggle\"><a data-toggle=\"collapse\" data-parent=\"#accordion-320-1\" data-target=\"#a65300f464711ced7\" href=\"#a65300f464711ced7\"><div class=\"fusion-toggle-icon-wrapper\"><i class=\"fa-fusion-box\"><\/i><\/div><div class=\"fusion-toggle-heading\">2014<\/div><\/a><\/h4><\/div><div id=\"a65300f464711ced7\" class=\"panel-collapse collapse \"><div class=\"panel-body toggle-content\">\n<h3><a href=\"https:\/\/niteroiprev.niteroi.rj.gov.br\/wp-content\/uploads\/2023\/11\/Avaliacao-Atuarial-2014.pdf\" target=\"_blank\" rel=\"noopener\">\u00bb Avalia\u00e7\u00e3o Atuarial 2014 &#8211; NITER\u00d3I PREV<\/a><\/h3>\n<h3><a href=\"http:\/\/192.168.64.210\/arquivos\/DRAA2014-Grupo-Previdenciario.pdf\" target=\"blank\" rel=\"noopener\">\u00bb Demonstrativo de Resultados da Avalia\u00e7\u00e3o Atuarial &#8211; Grupo Previdenci\u00e1rio<\/a><\/h3>\n<h3><a href=\"http:\/\/192.168.64.210\/arquivos\/DRAA2014-Grupo-Financeiro.pdf\" target=\"blank\" rel=\"noopener\">\u00bb Demonstrativo de Resultados da Avalia\u00e7\u00e3o Atuarial &#8211; Grupo Financeiro<\/a><\/h3>\n<\/div><\/div><\/div><div class=\"fusion-panel panel-default\"><div class=\"panel-heading\"><h4 class=\"panel-title toggle\"><a data-toggle=\"collapse\" data-parent=\"#accordion-320-1\" data-target=\"#f0172e1e9d8b9d76d\" href=\"#f0172e1e9d8b9d76d\"><div class=\"fusion-toggle-icon-wrapper\"><i class=\"fa-fusion-box\"><\/i><\/div><div class=\"fusion-toggle-heading\">2013<\/div><\/a><\/h4><\/div><div id=\"f0172e1e9d8b9d76d\" class=\"panel-collapse collapse \"><div class=\"panel-body toggle-content\">\n<h3><a href=\"https:\/\/niteroiprev.niteroi.rj.gov.br\/wp-content\/uploads\/2023\/11\/Reavaliacao-Niteroi-2013.pdf\" target=\"_blank\" rel=\"noopener\">\u00bb AVALIA\u00c7\u00c3O ATUARIAL 2013 &#8211; Niter\u00f3i Prev<\/a><\/h3>\n<\/div><\/div><\/div><div class=\"fusion-panel panel-default\"><div class=\"panel-heading\"><h4 class=\"panel-title toggle\"><a data-toggle=\"collapse\" data-parent=\"#accordion-320-1\" data-target=\"#8897e4f7e39067638\" href=\"#8897e4f7e39067638\"><div class=\"fusion-toggle-icon-wrapper\"><i class=\"fa-fusion-box\"><\/i><\/div><div class=\"fusion-toggle-heading\">2012<\/div><\/a><\/h4><\/div><div id=\"8897e4f7e39067638\" class=\"panel-collapse collapse \"><div class=\"panel-body toggle-content\">\n<h3><a href=\"https:\/\/niteroiprev.niteroi.rj.gov.br\/wp-content\/uploads\/2023\/11\/Reavaliacao-Niteroi-2012.pdf\" target=\"_blank\" rel=\"noopener\">\u00bb AVALIA\u00c7\u00c3O ATUARIAL 2012 &#8211; Niter\u00f3i Prev<\/a><\/h3>\n<\/div><\/div><\/div><div class=\"fusion-panel panel-default\"><div class=\"panel-heading\"><h4 class=\"panel-title toggle\"><a data-toggle=\"collapse\" data-parent=\"#accordion-320-1\" data-target=\"#d8b6d6ddf88996c69\" href=\"#d8b6d6ddf88996c69\"><div class=\"fusion-toggle-icon-wrapper\"><i class=\"fa-fusion-box\"><\/i><\/div><div class=\"fusion-toggle-heading\">2011<\/div><\/a><\/h4><\/div><div id=\"d8b6d6ddf88996c69\" class=\"panel-collapse collapse \"><div class=\"panel-body toggle-content\">\n<h3><a href=\"https:\/\/niteroiprev.niteroi.rj.gov.br\/wp-content\/uploads\/2023\/11\/Reavaliacao-Niteroi-2011.pdf\" target=\"_blank\" rel=\"noopener\">\u00bb AVALIA\u00c7\u00c3O ATUARIAL 2011 &#8211; Niter\u00f3i Prev<\/a><\/h3>\n<\/div><\/div><\/div><div class=\"fusion-panel panel-default\"><div class=\"panel-heading\"><h4 class=\"panel-title toggle\"><a data-toggle=\"collapse\" data-parent=\"#accordion-320-1\" data-target=\"#ab61c1e7002cd5dd7\" href=\"#ab61c1e7002cd5dd7\"><div class=\"fusion-toggle-icon-wrapper\"><i class=\"fa-fusion-box\"><\/i><\/div><div class=\"fusion-toggle-heading\">2010<\/div><\/a><\/h4><\/div><div id=\"ab61c1e7002cd5dd7\" class=\"panel-collapse collapse \"><div class=\"panel-body toggle-content\">\n<h3><a href=\"https:\/\/niteroiprev.niteroi.rj.gov.br\/wp-content\/uploads\/2023\/11\/Avaliacao-Atuarial-2010.pdf\" target=\"_blank\" rel=\"noopener\">\u00bb AVALIA\u00c7\u00c3O ATUARIAL 2010 &#8211; Niter\u00f3i Prev<\/a><\/h3>\n<\/div><\/div><\/div><div class=\"fusion-panel panel-default\"><div class=\"panel-heading\"><h4 class=\"panel-title toggle\"><a data-toggle=\"collapse\" data-parent=\"#accordion-320-1\" data-target=\"#be8be2d22b3b8f129\" href=\"#be8be2d22b3b8f129\"><div class=\"fusion-toggle-icon-wrapper\"><i class=\"fa-fusion-box\"><\/i><\/div><div class=\"fusion-toggle-heading\">2009<\/div><\/a><\/h4><\/div><div id=\"be8be2d22b3b8f129\" class=\"panel-collapse collapse \"><div class=\"panel-body toggle-content\">\n<h3><a href=\"https:\/\/niteroiprev.niteroi.rj.gov.br\/wp-content\/uploads\/2023\/11\/Avaliacao-Atuarial-2009-.pdf\" target=\"_blank\" rel=\"noopener\">\u00bb AVALIA\u00c7\u00c3O ATUARIAL 2009 &#8211; Niter\u00f3i Prev<\/a><\/h3>\n<h3><a href=\"https:\/\/niteroiprev.niteroi.rj.gov.br\/wp-content\/uploads\/2025\/09\/2-NOTA-TECNICA-ATUARIAL-GRUPO-PREVIDENCIARIO.pdf\" target=\"blank\" rel=\"noopener\">\u00bb NOTA T\u00c9CNICA ATUARIAL &#8211; GRUPO PREVIDENCI\u00c1RIO<\/a><\/h3>\n<h3><a href=\"https:\/\/niteroiprev.niteroi.rj.gov.br\/wp-content\/uploads\/2025\/09\/5-NOTA-TECNICA-ATUARIAL-GRUPO-FINANCEIRO.pdf\" target=\"blank\" rel=\"noopener\">\u00bb NOTA T\u00c9CNICA ATUARIAL &#8211; GRUPO FINANCEIRO<\/a><\/h3>\n<\/div><\/div><\/div><div class=\"fusion-panel panel-default\"><div class=\"panel-heading\"><h4 class=\"panel-title toggle\"><a data-toggle=\"collapse\" data-parent=\"#accordion-320-1\" data-target=\"#64cfff816cd5a648d\" href=\"#64cfff816cd5a648d\"><div class=\"fusion-toggle-icon-wrapper\"><i class=\"fa-fusion-box\"><\/i><\/div><div class=\"fusion-toggle-heading\">2008<\/div><\/a><\/h4><\/div><div id=\"64cfff816cd5a648d\" class=\"panel-collapse collapse \"><div class=\"panel-body toggle-content\">\n<h3><a href=\"https:\/\/niteroiprev.niteroi.rj.gov.br\/wp-content\/uploads\/2023\/11\/Avaliacao-Atuarial-2008-.pdf\" target=\"_blank\" rel=\"noopener\">\u00bb AVALIA\u00c7\u00c3O ATUARIAL 2008 &#8211; Niter\u00f3i Prev<\/a><\/h3>\n<\/div><\/div><\/div><\/div><\/div><div class=\"fusion-clearfix\"><\/div>\n\n\t\t\t\t\t<\/div>\n\t\t\t\t<\/div><\/div><\/div>\n","protected":false},"excerpt":{"rendered":"","protected":false},"author":1,"featured_media":0,"parent":0,"menu_order":0,"comment_status":"closed","ping_status":"closed","template":"","meta":{"_acf_changed":false,"footnotes":""},"class_list":["post-320","page","type-page","status-publish","hentry"],"acf":[],"_links":{"self":[{"href":"https:\/\/niteroiprev.niteroi.rj.gov.br\/index.php?rest_route=\/wp\/v2\/pages\/320","targetHints":{"allow":["GET"]}}],"collection":[{"href":"https:\/\/niteroiprev.niteroi.rj.gov.br\/index.php?rest_route=\/wp\/v2\/pages"}],"about":[{"href":"https:\/\/niteroiprev.niteroi.rj.gov.br\/index.php?rest_route=\/wp\/v2\/types\/page"}],"author":[{"embeddable":true,"href":"https:\/\/niteroiprev.niteroi.rj.gov.br\/index.php?rest_route=\/wp\/v2\/users\/1"}],"replies":[{"embeddable":true,"href":"https:\/\/niteroiprev.niteroi.rj.gov.br\/index.php?rest_route=%2Fwp%2Fv2%2Fcomments&post=320"}],"version-history":[{"count":42,"href":"https:\/\/niteroiprev.niteroi.rj.gov.br\/index.php?rest_route=\/wp\/v2\/pages\/320\/revisions"}],"predecessor-version":[{"id":7467,"href":"https:\/\/niteroiprev.niteroi.rj.gov.br\/index.php?rest_route=\/wp\/v2\/pages\/320\/revisions\/7467"}],"wp:attachment":[{"href":"https:\/\/niteroiprev.niteroi.rj.gov.br\/index.php?rest_route=%2Fwp%2Fv2%2Fmedia&parent=320"}],"curies":[{"name":"wp","href":"https:\/\/api.w.org\/{rel}","templated":true}]}}