{"id":338,"date":"2018-06-29T17:38:35","date_gmt":"2018-06-29T20:38:35","guid":{"rendered":"http:\/\/hnserver.com.br\/~nitprev\/cac\/?page_id=338"},"modified":"2026-03-11T15:25:16","modified_gmt":"2026-03-11T18:25:16","slug":"relatorios-de-auditorias","status":"publish","type":"page","link":"https:\/\/niteroiprev.niteroi.rj.gov.br\/?page_id=338","title":{"rendered":"Informe de Gest\u00e3o RPPS"},"content":{"rendered":"<div  class=\"fusion-fullwidth fullwidth-box nonhundred-percent-fullwidth\"  style='background-color: rgba(255,255,255,0);background-position: center center;background-repeat: no-repeat;padding-top:0px;padding-right:0px;padding-bottom:0px;padding-left:0px;margin-top: 50px;'><div class=\"fusion-builder-row fusion-row \"><div  class=\"fusion-layout-column fusion_builder_column fusion_builder_column_1_1  fusion-one-full fusion-column-first fusion-column-last 1_1\"  style='margin-top:0px;margin-bottom:20px;'>\n\t\t\t\t\t<div class=\"fusion-column-wrapper\" style=\"background-position:left top;background-repeat:no-repeat;-webkit-background-size:cover;-moz-background-size:cover;-o-background-size:cover;background-size:cover;\"  data-bg-url=\"\">\n\t\t\t\t\t\t<div class=\"fusion-title title fusion-sep-none fusion-title-center fusion-title-size-one\" style=\"margin-top:0px;margin-bottom:31px;\"><h1 class=\"title-heading-center\">Informe de Gest\u00e3o RPPS<\/h1><\/div><style type=\"text\/css\" scoped=\"scoped\"> }<\/style><div class=\"accordian fusion-accordian\"><div class=\"panel-group\" id=\"accordion-338-1\"><div class=\"fusion-panel panel-default\"><div class=\"panel-heading\"><h4 class=\"panel-title toggle\"><a data-toggle=\"collapse\" data-parent=\"#accordion-338-1\" data-target=\"#bf69a464e260cb660\" href=\"#bf69a464e260cb660\"><div class=\"fusion-toggle-icon-wrapper\"><i class=\"fa-fusion-box\"><\/i><\/div><div class=\"fusion-toggle-heading\">DIPR<\/div><\/a><\/h4><\/div><div id=\"bf69a464e260cb660\" class=\"panel-collapse collapse \"><div class=\"panel-body toggle-content\"><div class=\"fusion-button-wrapper\"><style type=\"text\/css\" scoped=\"scoped\">.fusion-button.button-1 .fusion-button-text, .fusion-button.button-1 i {color:#ffffff;}.fusion-button.button-1 {border-width:0px;border-color:#ffffff;}.fusion-button.button-1 .fusion-button-icon-divider{border-color:#ffffff;}.fusion-button.button-1:hover .fusion-button-text, .fusion-button.button-1:hover i,.fusion-button.button-1:focus .fusion-button-text, .fusion-button.button-1:focus i,.fusion-button.button-1:active .fusion-button-text, .fusion-button.button-1:active{color:#ffffff;}.fusion-button.button-1:hover, .fusion-button.button-1:focus, .fusion-button.button-1:active{border-width:0px;border-color:#ffffff;}.fusion-button.button-1:hover .fusion-button-icon-divider, .fusion-button.button-1:hover .fusion-button-icon-divider, .fusion-button.button-1:active .fusion-button-icon-divider{border-color:#ffffff;}.fusion-button.button-1{width:auto;}<\/style><a class=\"fusion-button button-flat fusion-button-round button-large button-default button-1\" target=\"_blank\" rel=\"noopener noreferrer\" href=\"https:\/\/cadprev.previdencia.gov.br\/Cadprev\/faces\/pages\/modulos\/dipr\/consultarDemonstrativos.xhtml\"><span class=\"fusion-button-text\">\nAcesse<\/span><\/a><\/div><\/div><\/div><\/div>\n<div class=\"fusion-panel panel-default\"><div class=\"panel-heading\"><h4 class=\"panel-title toggle\"><a data-toggle=\"collapse\" data-parent=\"#accordion-338-1\" data-target=\"#6100f3af775afff56\" href=\"#6100f3af775afff56\"><div class=\"fusion-toggle-icon-wrapper\"><i class=\"fa-fusion-box\"><\/i><\/div><div class=\"fusion-toggle-heading\">DAIR<\/div><\/a><\/h4><\/div><div id=\"6100f3af775afff56\" class=\"panel-collapse collapse \"><div class=\"panel-body toggle-content\"><div class=\"fusion-button-wrapper\"><style type=\"text\/css\" scoped=\"scoped\">.fusion-button.button-2 .fusion-button-text, .fusion-button.button-2 i {color:#ffffff;}.fusion-button.button-2 {border-width:0px;border-color:#ffffff;}.fusion-button.button-2 .fusion-button-icon-divider{border-color:#ffffff;}.fusion-button.button-2:hover .fusion-button-text, .fusion-button.button-2:hover i,.fusion-button.button-2:focus .fusion-button-text, .fusion-button.button-2:focus i,.fusion-button.button-2:active .fusion-button-text, .fusion-button.button-2:active{color:#ffffff;}.fusion-button.button-2:hover, .fusion-button.button-2:focus, .fusion-button.button-2:active{border-width:0px;border-color:#ffffff;}.fusion-button.button-2:hover .fusion-button-icon-divider, .fusion-button.button-2:hover .fusion-button-icon-divider, .fusion-button.button-2:active .fusion-button-icon-divider{border-color:#ffffff;}.fusion-button.button-2{width:auto;}<\/style><a class=\"fusion-button button-flat fusion-button-round button-large button-default button-2\" target=\"_blank\" rel=\"noopener noreferrer\" href=\"https:\/\/cadprev.previdencia.gov.br\/Cadprev\/faces\/pages\/modulos\/dair\/consultarDemonstrativos.xhtml\"><span class=\"fusion-button-text\">\nAcesse<\/span><\/a><\/div><\/div><\/div><\/div>\n<div class=\"fusion-panel panel-default\"><div class=\"panel-heading\"><h4 class=\"panel-title toggle\"><a data-toggle=\"collapse\" data-parent=\"#accordion-338-1\" data-target=\"#e71d03f80ff9c75b6\" href=\"#e71d03f80ff9c75b6\"><div class=\"fusion-toggle-icon-wrapper\"><i class=\"fa-fusion-box\"><\/i><\/div><div class=\"fusion-toggle-heading\">CADPREV - Sistema de Informa\u00e7\u00f5es dos Regimes P\u00fablicos de Previd\u00eancia Social<\/div><\/a><\/h4><\/div><div id=\"e71d03f80ff9c75b6\" class=\"panel-collapse collapse \"><div class=\"panel-body toggle-content\"><div class=\"fusion-button-wrapper\"><style type=\"text\/css\" scoped=\"scoped\">.fusion-button.button-3 .fusion-button-text, .fusion-button.button-3 i {color:#ffffff;}.fusion-button.button-3 {border-width:0px;border-color:#ffffff;}.fusion-button.button-3 .fusion-button-icon-divider{border-color:#ffffff;}.fusion-button.button-3:hover .fusion-button-text, .fusion-button.button-3:hover i,.fusion-button.button-3:focus .fusion-button-text, .fusion-button.button-3:focus i,.fusion-button.button-3:active .fusion-button-text, .fusion-button.button-3:active{color:#ffffff;}.fusion-button.button-3:hover, .fusion-button.button-3:focus, .fusion-button.button-3:active{border-width:0px;border-color:#ffffff;}.fusion-button.button-3:hover .fusion-button-icon-divider, .fusion-button.button-3:hover .fusion-button-icon-divider, .fusion-button.button-3:active .fusion-button-icon-divider{border-color:#ffffff;}.fusion-button.button-3{width:auto;}<\/style><a class=\"fusion-button button-flat fusion-button-round button-large button-default button-3\" target=\"_blank\" rel=\"noopener noreferrer\" href=\"https:\/\/cadprev.previdencia.gov.br\/Cadprev\/pages\/modulos\/parc\/consultarACPARC.xhtml\"><span class=\"fusion-button-text\">\nAcesse<\/span><\/a><\/div>\n<a href=\"https:\/\/niteroiprev.niteroi.rj.gov.br\/wp-content\/uploads\/2026\/03\/CADPREV-Extrato-de-Regularidade-CRP.pdf\" target=\"_blank\" rel=\"noopener\">&#8211; Extrato de Regularidade do RPPS vigente at\u00e9 02\/06\/2026.<\/a><\/p>\n<\/div><\/div><\/div>\n<div class=\"fusion-panel panel-default\"><div class=\"panel-heading\"><h4 class=\"panel-title toggle\"><a data-toggle=\"collapse\" data-parent=\"#accordion-338-1\" data-target=\"#6f29113afe4ad87cd\" href=\"#6f29113afe4ad87cd\"><div class=\"fusion-toggle-icon-wrapper\"><i class=\"fa-fusion-box\"><\/i><\/div><div class=\"fusion-toggle-heading\">Consulte o CRP de Niter\u00f3i - Certificado de Regularidade Previdenci\u00e1ria<\/div><\/a><\/h4><\/div><div id=\"6f29113afe4ad87cd\" class=\"panel-collapse collapse \"><div class=\"panel-body toggle-content\"><div class=\"fusion-button-wrapper\"><style type=\"text\/css\" scoped=\"scoped\">.fusion-button.button-4 .fusion-button-text, .fusion-button.button-4 i {color:#ffffff;}.fusion-button.button-4 {border-width:0px;border-color:#ffffff;}.fusion-button.button-4 .fusion-button-icon-divider{border-color:#ffffff;}.fusion-button.button-4:hover .fusion-button-text, .fusion-button.button-4:hover i,.fusion-button.button-4:focus .fusion-button-text, .fusion-button.button-4:focus i,.fusion-button.button-4:active .fusion-button-text, .fusion-button.button-4:active{color:#ffffff;}.fusion-button.button-4:hover, .fusion-button.button-4:focus, .fusion-button.button-4:active{border-width:0px;border-color:#ffffff;}.fusion-button.button-4:hover .fusion-button-icon-divider, .fusion-button.button-4:hover .fusion-button-icon-divider, .fusion-button.button-4:active .fusion-button-icon-divider{border-color:#ffffff;}.fusion-button.button-4{width:auto;}<\/style><a class=\"fusion-button button-flat fusion-button-round button-large button-default button-4\" target=\"_blank\" rel=\"noopener noreferrer\" href=\"https:\/\/cadprev.previdencia.gov.br\/Cadprev\/pages\/publico\/crp\/pesquisarEnteCrp.xhtml\"><span class=\"fusion-button-text\">\nAcesse<\/span><\/a><\/div>\n<a href=\"https:\/\/niteroiprev.niteroi.rj.gov.br\/wp-content\/uploads\/2026\/02\/CRP-atualizado.pdf\" target=\"_blank\" rel=\"noopener\">&#8211; Certificado de Regularidade Previdenci\u00e1ria v\u00e1lido at\u00e9 02\/06\/2026.<\/a><\/p>\n<\/div><\/div><\/div>\n<div class=\"fusion-panel panel-default\"><div class=\"panel-heading\"><h4 class=\"panel-title toggle\"><a data-toggle=\"collapse\" data-parent=\"#accordion-338-1\" data-target=\"#f5603ca45f43dae67\" href=\"#f5603ca45f43dae67\"><div class=\"fusion-toggle-icon-wrapper\"><i class=\"fa-fusion-box\"><\/i><\/div><div class=\"fusion-toggle-heading\">Certid\u00f5es do RPPS <\/div><\/a><\/h4><\/div><div id=\"f5603ca45f43dae67\" class=\"panel-collapse collapse \"><div class=\"panel-body toggle-content\">\n<h3><a href=\"https:\/\/niteroiprev.niteroi.rj.gov.br\/wp-content\/uploads\/2026\/01\/cnd-nit.pdf\" target=\"_blank\" rel=\"noopener\">\u00bb Certid\u00e3o Negativa aos tributos Federais e a D\u00edvida Ativa da Uni\u00e3o &#8211; V\u00e1lida at\u00e9 31\/05\/2026<\/a><\/h3>\n<h3><a href=\"https:\/\/niteroiprev.niteroi.rj.gov.br\/wp-content\/uploads\/2026\/03\/Consulta-Regularidade-do-Empregador-FGTS-Validade-04.04.26.pdf\" target=\"_blank\" rel=\"noopener\">\u00bb Certificado de Regularidade do FGTS &#8211; CRF V\u00e1lida at\u00e9 04\/04\/2026<\/a><\/h3>\n<\/div><\/div><\/div>\n<div class=\"fusion-panel panel-default\"><div class=\"panel-heading\"><h4 class=\"panel-title toggle\"><a data-toggle=\"collapse\" data-parent=\"#accordion-338-1\" data-target=\"#03b5a75f175b4fd5e\" href=\"#03b5a75f175b4fd5e\"><div class=\"fusion-toggle-icon-wrapper\"><i class=\"fa-fusion-box\"><\/i><\/div><div class=\"fusion-toggle-heading\">Tribunal de Contas do Estado do Rio de Janeiro <\/div><\/a><\/h4><\/div><div id=\"03b5a75f175b4fd5e\" class=\"panel-collapse collapse \"><div class=\"panel-body toggle-content\">\n<h3><a href=\"https:\/\/niteroiprev.niteroi.rj.gov.br\/wp-content\/uploads\/2026\/03\/ACORDAO-2024.pdf\" target=\"_blank\" rel=\"noopener\">\u00bb Ac\u00f3rd\u00e3o 2024<\/a><\/h3>\n<h3><a href=\"https:\/\/niteroiprev.niteroi.rj.gov.br\/wp-content\/uploads\/2025\/07\/ACORDAO-2023.pdf\" target=\"_blank\" rel=\"noopener\">\u00bb Ac\u00f3rd\u00e3o 2023<\/a><\/h3>\n<h3><a href=\"https:\/\/niteroiprev.niteroi.rj.gov.br\/wp-content\/uploads\/2025\/07\/ACORDAO-2022.pdf\" target=\"_blank\" rel=\"noopener\">\u00bb Ac\u00f3rd\u00e3o 2022<\/a><\/h3>\n<h3><a href=\"https:\/\/niteroiprev.niteroi.rj.gov.br\/wp-content\/uploads\/2025\/07\/ACORDAO-2021.pdf\" target=\"_blank\" rel=\"noopener\">\u00bb Ac\u00f3rd\u00e3o 2021<\/a><\/h3>\n<h3><a style=\"font-size: 16px;\" href=\"https:\/\/niteroiprev.niteroi.rj.gov.br\/wp-content\/uploads\/2025\/07\/ACORDAO-2020.pdf\" target=\"_blank\" rel=\"noopener\">\u00bb Ac\u00f3rd\u00e3o 2020<\/a><\/h3>\n<\/div><\/div><\/div>\n<p>&nbsp;<\/p>\n<\/div><\/div><div class=\"fusion-clearfix\"><\/div>\n\n\t\t\t\t\t<\/div>\n\t\t\t\t<\/div><\/div><\/div>\n","protected":false},"excerpt":{"rendered":"","protected":false},"author":1,"featured_media":0,"parent":0,"menu_order":0,"comment_status":"closed","ping_status":"closed","template":"","meta":{"_acf_changed":false,"footnotes":""},"class_list":["post-338","page","type-page","status-publish","hentry"],"acf":[],"_links":{"self":[{"href":"https:\/\/niteroiprev.niteroi.rj.gov.br\/index.php?rest_route=\/wp\/v2\/pages\/338","targetHints":{"allow":["GET"]}}],"collection":[{"href":"https:\/\/niteroiprev.niteroi.rj.gov.br\/index.php?rest_route=\/wp\/v2\/pages"}],"about":[{"href":"https:\/\/niteroiprev.niteroi.rj.gov.br\/index.php?rest_route=\/wp\/v2\/types\/page"}],"author":[{"embeddable":true,"href":"https:\/\/niteroiprev.niteroi.rj.gov.br\/index.php?rest_route=\/wp\/v2\/users\/1"}],"replies":[{"embeddable":true,"href":"https:\/\/niteroiprev.niteroi.rj.gov.br\/index.php?rest_route=%2Fwp%2Fv2%2Fcomments&post=338"}],"version-history":[{"count":39,"href":"https:\/\/niteroiprev.niteroi.rj.gov.br\/index.php?rest_route=\/wp\/v2\/pages\/338\/revisions"}],"predecessor-version":[{"id":904,"href":"https:\/\/niteroiprev.niteroi.rj.gov.br\/index.php?rest_route=\/wp\/v2\/pages\/338\/revisions\/904"}],"wp:attachment":[{"href":"https:\/\/niteroiprev.niteroi.rj.gov.br\/index.php?rest_route=%2Fwp%2Fv2%2Fmedia&parent=338"}],"curies":[{"name":"wp","href":"https:\/\/api.w.org\/{rel}","templated":true}]}}