{"id":361,"date":"2018-06-29T19:30:18","date_gmt":"2018-06-29T22:30:18","guid":{"rendered":"http:\/\/hnserver.com.br\/~nitprev\/cac\/?page_id=361"},"modified":"2026-03-11T14:34:20","modified_gmt":"2026-03-11T17:34:20","slug":"despesas","status":"publish","type":"page","link":"https:\/\/niteroiprev.niteroi.rj.gov.br\/?page_id=361","title":{"rendered":"Despesas"},"content":{"rendered":"<div  class=\"fusion-fullwidth fullwidth-box nonhundred-percent-fullwidth\"  style='background-color: rgba(255,255,255,0);background-position: center center;background-repeat: no-repeat;padding-top:50px;padding-right:0px;padding-bottom:0px;padding-left:0px;'><div class=\"fusion-builder-row fusion-row \"><div  class=\"fusion-layout-column fusion_builder_column fusion_builder_column_1_1  fusion-one-full fusion-column-first fusion-column-last 1_1\"  style='margin-top:0px;margin-bottom:20px;'>\n\t\t\t\t\t<div class=\"fusion-column-wrapper\" style=\"background-position:left top;background-repeat:no-repeat;-webkit-background-size:cover;-moz-background-size:cover;-o-background-size:cover;background-size:cover;\"  data-bg-url=\"\">\n\t\t\t\t\t\t<div class=\"fusion-title title fusion-sep-none fusion-title-center fusion-title-size-one\" style=\"margin-top:0px;margin-bottom:31px;\"><h1 class=\"title-heading-center\">Despesas<\/h1><\/div><p style=\"text-align: center;\"><strong>INFORMA\u00c7\u00d5ES PORMENORES, CLICAR NO BOT\u00c3O ABAIXO, OU ACESSAR O LINK: <a href=\"https:\/\/transparencia.niteroi.rj.gov.br\/#\/folha-pagamento\" target=\"_blank\" rel=\"noopener noreferrer\" data-saferedirecturl=\"https:\/\/www.google.com\/url?q=https:\/\/transparencia.niteroi.rj.gov.br\/%23\/folha-pagamento&amp;source=gmail&amp;ust=1653570905745000&amp;usg=AOvVaw2ILEBqCUJeYodFquCPDXvr\">https:\/\/transparencia.niteroi.<wbr \/>rj.gov.br\/#\/folha-pagamento<\/a>\u00a0<\/strong><\/p>\n<style type=\"text\/css\" scoped=\"scoped\"> }<\/style><div class=\"accordian fusion-accordian\"><div class=\"panel-group\" id=\"accordion-361-1\"><div class=\"fusion-button-wrapper fusion-aligncenter\"><style type=\"text\/css\" scoped=\"scoped\">.fusion-button.button-1 .fusion-button-text, .fusion-button.button-1 i {color:#ffffff;}.fusion-button.button-1 {border-width:0px;border-color:#ffffff;}.fusion-button.button-1 .fusion-button-icon-divider{border-color:#ffffff;}.fusion-button.button-1:hover .fusion-button-text, .fusion-button.button-1:hover i,.fusion-button.button-1:focus .fusion-button-text, .fusion-button.button-1:focus i,.fusion-button.button-1:active .fusion-button-text, .fusion-button.button-1:active{color:#ffffff;}.fusion-button.button-1:hover, .fusion-button.button-1:focus, .fusion-button.button-1:active{border-width:0px;border-color:#ffffff;}.fusion-button.button-1:hover .fusion-button-icon-divider, .fusion-button.button-1:hover .fusion-button-icon-divider, .fusion-button.button-1:active .fusion-button-icon-divider{border-color:#ffffff;}.fusion-button.button-1{width:auto;}<\/style><a class=\"fusion-button button-flat fusion-button-round button-large button-default button-1\" target=\"_blank\" rel=\"noopener noreferrer\" href=\"https:\/\/transparencia.niteroi.rj.gov.br\/#\/folha-pagamento\"><span class=\"fusion-button-text\">CLIQUE AQUI!<\/span><\/a><\/div>\n<div class=\"fusion-panel panel-default\"><div class=\"panel-heading\"><h4 class=\"panel-title toggle\"><a data-toggle=\"collapse\" data-parent=\"#accordion-361-1\" data-target=\"#7d8df8345f8850325\" href=\"#7d8df8345f8850325\"><div class=\"fusion-toggle-icon-wrapper\"><i class=\"fa-fusion-box\"><\/i><\/div><div class=\"fusion-toggle-heading\">2025<\/div><\/a><\/h4><\/div><div id=\"7d8df8345f8850325\" class=\"panel-collapse collapse \"><div class=\"panel-body toggle-content\">\n<h3><a href=\"https:\/\/niteroiprev.niteroi.rj.gov.br\/wp-content\/uploads\/2026\/03\/Relatorio-de-liquidacoes-2025-aba-despesas-2025.pdf\" target=\"_blank\" rel=\"noopener\">\u00bb Relat\u00f3rio de Liquida\u00e7\u00f5es &#8211; NiteroiPrev &#8211; 2025<\/a><\/h3>\n<\/div><\/div><\/div>\n<div class=\"fusion-panel panel-default\"><div class=\"panel-heading\"><h4 class=\"panel-title toggle\"><a data-toggle=\"collapse\" data-parent=\"#accordion-361-1\" data-target=\"#03282b301cdb82f54\" href=\"#03282b301cdb82f54\"><div class=\"fusion-toggle-icon-wrapper\"><i class=\"fa-fusion-box\"><\/i><\/div><div class=\"fusion-toggle-heading\">2024<\/div><\/a><\/h4><\/div><div id=\"03282b301cdb82f54\" class=\"panel-collapse collapse \"><div class=\"panel-body toggle-content\">\n<h3><a href=\"https:\/\/niteroiprev.niteroi.rj.gov.br\/wp-content\/uploads\/2024\/08\/Despesas-1oTrimestre-2024-NiteroiPrev.pdf\" target=\"_blank\" rel=\"noopener\">\u00bb 1\u00ba Trimestre &#8211; NiteroiPrev &#8211; 2024<\/a><\/h3>\n<h3><a href=\"https:\/\/niteroiprev.niteroi.rj.gov.br\/wp-content\/uploads\/2024\/08\/Despesas-2o-trimestre-2024-NiteroiPrev.pdf\" target=\"_blank\" rel=\"noopener\">\u00bb 2\u00ba Trimestre &#8211; NiteroiPrev &#8211; 2024<\/a><\/h3>\n<h3><a href=\"https:\/\/niteroiprev.niteroi.rj.gov.br\/wp-content\/uploads\/2024\/10\/Despesas-3o-trimestre-2024-NIteroiPrev.pdf\" target=\"_blank\" rel=\"noopener\">\u00bb 3\u00ba Trimestre &#8211; NiteroiPrev &#8211; 2024<\/a><\/h3>\n<h3><a href=\"https:\/\/niteroiprev.niteroi.rj.gov.br\/wp-content\/uploads\/2025\/01\/Despesas-4o-trimestre-2024.pdf\" target=\"_blank\" rel=\"noopener\">\u00bb 4\u00ba Trimestre &#8211; NiteroiPrev &#8211; 2024<\/a><\/h3>\n<\/div><\/div><\/div><div class=\"fusion-panel panel-default\"><div class=\"panel-heading\"><h4 class=\"panel-title toggle\"><a data-toggle=\"collapse\" data-parent=\"#accordion-361-1\" data-target=\"#ecafba50ce7bb8ff7\" href=\"#ecafba50ce7bb8ff7\"><div class=\"fusion-toggle-icon-wrapper\"><i class=\"fa-fusion-box\"><\/i><\/div><div class=\"fusion-toggle-heading\">2023<\/div><\/a><\/h4><\/div><div id=\"ecafba50ce7bb8ff7\" class=\"panel-collapse collapse \"><div class=\"panel-body toggle-content\">\n<h3><a href=\"https:\/\/niteroiprev.niteroi.rj.gov.br\/wp-content\/uploads\/2023\/04\/Despesas-Financeiro-1083.pdf\" target=\"_blank\" rel=\"noopener\">\u00bb 1\u00ba Trimestre &#8211; Financeiro &#8211; 2023<\/a><\/h3>\n<h3><a href=\"https:\/\/niteroiprev.niteroi.rj.gov.br\/wp-content\/uploads\/2023\/04\/Despesas-Nitprev-1082.pdf\" target=\"_blank\" rel=\"noopener\">\u00bb 1\u00ba Trimestre &#8211; NiteroiPrev &#8211; 2023<\/a><\/h3>\n<h3><a href=\"https:\/\/niteroiprev.niteroi.rj.gov.br\/wp-content\/uploads\/2023\/04\/Despesas-Previdenciario-1084.pdf\" target=\"_blank\" rel=\"noopener\">\u00bb 1\u00ba Trimestre &#8211; Previdenci\u00e1rio &#8211; 2023<\/a><\/h3>\n<h3><a href=\"https:\/\/niteroiprev.niteroi.rj.gov.br\/wp-content\/uploads\/2023\/07\/Despesas-2o-trimestre-Financeiro-2023_2.pdf\" target=\"_blank\" rel=\"noopener\">\u00bb 2\u00ba Trimestre &#8211; Financeiro &#8211; 2023<\/a><\/h3>\n<h3><a href=\"https:\/\/niteroiprev.niteroi.rj.gov.br\/wp-content\/uploads\/2023\/07\/Despesas-2o-trimestre-Niteroi-Prev-2023.pdf\" target=\"_blank\" rel=\"noopener\">\u00bb 2\u00ba Trimestre &#8211; NiteroiPrev &#8211; 2023<\/a><\/h3>\n<h3><a href=\"https:\/\/niteroiprev.niteroi.rj.gov.br\/wp-content\/uploads\/2023\/07\/Despesas-2o-trimestre-Previdenciario-2023-_3.pdf\" target=\"_blank\" rel=\"noopener\">\u00bb 2\u00ba Trimestre &#8211; Previdenci\u00e1rio &#8211; 2023<\/a><\/h3>\n<h3><a href=\"https:\/\/niteroiprev.niteroi.rj.gov.br\/wp-content\/uploads\/2023\/12\/Financeiro-Despesas-3o-trimestre-2023.pdf\" target=\"_blank\" rel=\"noopener\">\u00bb 3\u00ba Trimestre &#8211; Financeiro &#8211; 2023<\/a><\/h3>\n<h3><a href=\"https:\/\/niteroiprev.niteroi.rj.gov.br\/wp-content\/uploads\/2023\/12\/Niteroi-prev-Despesas-3o-trimestre-2023.pdf\" target=\"_blank\" rel=\"noopener\">\u00bb 3\u00ba Trimestre &#8211; NiteroiPrev &#8211; 2023<\/a><\/h3>\n<h3><a href=\"https:\/\/niteroiprev.niteroi.rj.gov.br\/wp-content\/uploads\/2023\/12\/Previdenciario-Despesas-3o-trimestre-2023.pdf\" target=\"_blank\" rel=\"noopener\">\u00bb 3\u00ba Trimestre &#8211; Previdenci\u00e1rio &#8211; 2023<\/a><\/h3>\n<h3><a href=\"https:\/\/niteroiprev.niteroi.rj.gov.br\/wp-content\/uploads\/2024\/01\/Despesas-4o-trimestre-Financeiro.pdf\" target=\"_blank\" rel=\"noopener\">\u00bb 4\u00ba Trimestre &#8211; Financeiro &#8211; 2023<\/a><\/h3>\n<h3><a href=\"https:\/\/niteroiprev.niteroi.rj.gov.br\/wp-content\/uploads\/2024\/01\/Despesas-4o-trimestre-NiteroiPrev.pdf\" target=\"_blank\" rel=\"noopener\">\u00bb 4\u00ba Trimestre &#8211; NiteroiPrev &#8211; 2023<\/a><\/h3>\n<h3><a href=\"https:\/\/niteroiprev.niteroi.rj.gov.br\/wp-content\/uploads\/2024\/01\/Despesas-4o-trimestre-Previdenciario.pdf\" target=\"_blank\" rel=\"noopener\">\u00bb 4\u00ba Trimestre &#8211; Previdenci\u00e1rio &#8211; 2023<\/a><\/h3>\n<\/div><\/div><\/div><div class=\"fusion-panel panel-default\"><div class=\"panel-heading\"><h4 class=\"panel-title toggle\"><a data-toggle=\"collapse\" data-parent=\"#accordion-361-1\" data-target=\"#f875f31fecccbb1f2\" href=\"#f875f31fecccbb1f2\"><div class=\"fusion-toggle-icon-wrapper\"><i class=\"fa-fusion-box\"><\/i><\/div><div class=\"fusion-toggle-heading\">2022<\/div><\/a><\/h4><\/div><div id=\"f875f31fecccbb1f2\" class=\"panel-collapse collapse \"><div class=\"panel-body toggle-content\">\n<h3><a href=\"http:\/\/niteroiprev.niteroi.rj.gov.br\/wp-content\/uploads\/2022\/07\/Despesas-1-trimestre-Financeiro.pdf\" target=\"_blank\" rel=\"noopener\">\u00bb 1\u00ba Trimestre &#8211; Financeiro &#8211; 2022<\/a><\/h3>\n<h3><a href=\"http:\/\/niteroiprev.niteroi.rj.gov.br\/wp-content\/uploads\/2022\/07\/Despesas-1-trimestre-NiteroiPrev.pdf\" target=\"_blank\" rel=\"noopener\">\u00bb 1\u00ba Trimestre &#8211; NiteroiPrev &#8211; 2022<\/a><\/h3>\n<h3><a href=\"http:\/\/niteroiprev.niteroi.rj.gov.br\/wp-content\/uploads\/2022\/07\/Despesas-1-trimestre-Previdenciario.pdf\" target=\"_blank\" rel=\"noopener\">\u00bb 1\u00ba Trimestre &#8211; Previdenci\u00e1rio &#8211; 2022<\/a><\/h3>\n<h3><a href=\"http:\/\/niteroiprev.niteroi.rj.gov.br\/wp-content\/uploads\/2022\/07\/Despesas-2-trimestre-Financeiro.pdf\" target=\"_blank\" rel=\"noopener\">\u00bb 2\u00ba Trimestre &#8211; Financeiro &#8211; 2022<\/a><\/h3>\n<h3><a href=\"http:\/\/niteroiprev.niteroi.rj.gov.br\/wp-content\/uploads\/2022\/07\/Despesas-2-trimestre-NiteroiPrev.pdf\" target=\"_blank\" rel=\"noopener\">\u00bb 2\u00ba Trimestre &#8211; NiteroiPrev &#8211; 2022<\/a><\/h3>\n<h3><a href=\"http:\/\/niteroiprev.niteroi.rj.gov.br\/wp-content\/uploads\/2022\/07\/Despesas-2-trimestre-Previdenciario.pdf\" target=\"_blank\" rel=\"noopener\">\u00bb 2\u00ba Trimestre &#8211; Previdenci\u00e1rio &#8211; 2022<\/a><\/h3>\n<h3><a href=\"https:\/\/niteroiprev.niteroi.rj.gov.br\/wp-content\/uploads\/2023\/01\/Despesas-3o-trimestre-2022-FINANCEIRO.pdf\" target=\"_blank\" rel=\"noopener\">\u00bb 3\u00ba Trimestre &#8211; Financeiro &#8211; 2022<\/a><\/h3>\n<h3><a href=\"https:\/\/niteroiprev.niteroi.rj.gov.br\/wp-content\/uploads\/2023\/01\/Despesas-3o-trimestre-2022-NITEROI-PREV.pdf\" target=\"_blank\" rel=\"noopener\">\u00bb 3\u00ba Trimestre &#8211; NiteroiPrev &#8211; 2022<\/a><\/h3>\n<h3><a href=\"https:\/\/niteroiprev.niteroi.rj.gov.br\/wp-content\/uploads\/2023\/01\/Despesas-3o-trimestre-2022-PREVIDENCIARIO.pdf\" target=\"_blank\" rel=\"noopener\">\u00bb 3\u00ba Trimestre &#8211; Previdenci\u00e1rio &#8211; 2022<\/a><\/h3>\n<h3><a href=\"https:\/\/niteroiprev.niteroi.rj.gov.br\/wp-content\/uploads\/2023\/01\/Despesas-4o-trimestre-2022-FINANCEIRO.pdf\" target=\"_blank\" rel=\"noopener\">\u00bb 4\u00ba Trimestre &#8211; Financeiro &#8211; 2022<\/a><\/h3>\n<h3><a href=\"https:\/\/niteroiprev.niteroi.rj.gov.br\/wp-content\/uploads\/2023\/01\/Despesas-4o-trimestre-2022-NITEROI-PREV.pdf\" target=\"_blank\" rel=\"noopener\">\u00bb 4\u00ba Trimestre &#8211; NiteroiPrev &#8211; 2022<\/a><\/h3>\n<h3><a href=\"https:\/\/niteroiprev.niteroi.rj.gov.br\/wp-content\/uploads\/2023\/01\/Despesas-4o-trimestre-2022-PREVIDENCIARIO.pdf\" target=\"_blank\" rel=\"noopener\">\u00bb 4\u00ba Trimestre &#8211; Previdenci\u00e1rio &#8211; 2022<\/a><\/h3>\n<\/div><\/div><\/div><div class=\"fusion-panel panel-default\"><div class=\"panel-heading\"><h4 class=\"panel-title toggle\"><a data-toggle=\"collapse\" data-parent=\"#accordion-361-1\" data-target=\"#330a5860e4808ed43\" href=\"#330a5860e4808ed43\"><div class=\"fusion-toggle-icon-wrapper\"><i class=\"fa-fusion-box\"><\/i><\/div><div class=\"fusion-toggle-heading\">2021<\/div><\/a><\/h4><\/div><div id=\"330a5860e4808ed43\" class=\"panel-collapse collapse \"><div class=\"panel-body toggle-content\">\n<h3><a href=\"https:\/\/drive.google.com\/file\/d\/1t2-Juv1ZmVC0TNmCKlERVKMWCDOQZJ3g\/view?usp=sharing\" target=\"blank\" rel=\"noopener\">\u00bb 1\u00ba Trimestre &#8211; Financeiro &#8211; 2021<\/a><\/h3>\n<h3><a href=\"https:\/\/drive.google.com\/file\/d\/1NZeBV-4R94p8dE9Ewx__K-RfZF-82mlB\/view?usp=sharing\" target=\"blank\" rel=\"noopener\">\u00bb 1\u00ba Trimestre &#8211; NiteroiPrev &#8211; 2021<\/a><\/h3>\n<h3><a href=\"https:\/\/drive.google.com\/file\/d\/1e4USuiuWh_kHABHf6M1YNeW7XUiyKopn\/view?usp=sharing\" target=\"blank\" rel=\"noopener\">\u00bb 1\u00ba Trimestre &#8211; Previdenci\u00e1rio &#8211; 2021<\/a><\/h3>\n<h3><a href=\"https:\/\/drive.google.com\/file\/d\/1VDdPldVMwJGk6H8xNX15402w4QmkKLNO\/view?usp=sharing\" target=\"blank\" rel=\"noopener\">\u00bb 2\u00ba Trimestre &#8211; Financeiro &#8211; 2021<\/a><\/h3>\n<h3><a href=\"https:\/\/drive.google.com\/file\/d\/1AeQfLjNcUjslOHZ3SJhIDzYjskVMeozt\/view?usp=sharing\" target=\"blank\" rel=\"noopener\">\u00bb 2\u00ba Trimestre &#8211; NiteroiPrev &#8211; 2021<\/a><\/h3>\n<h3><a href=\"https:\/\/drive.google.com\/file\/d\/15b1Hm74PGu5gNjqb1KflgeIYIhdenj-0\/view?usp=sharing\" target=\"blank\" rel=\"noopener\">\u00bb 2\u00ba Trimestre &#8211; Previdenci\u00e1rio &#8211; 2021<\/a><\/h3>\n<h3><a href=\"https:\/\/drive.google.com\/file\/d\/14JbcsdRnUU8aw3vEOZfwAhikgCPl9pGC\/view?usp=sharing\" target=\"blank\" rel=\"noopener\">\u00bb 3\u00ba Trimestre &#8211; Financeiro &#8211; 2021<\/a><\/h3>\n<h3><a href=\"https:\/\/drive.google.com\/file\/d\/1otrxRn1IouAmKzX8HfpqZ8-LqBBWiJet\/view?usp=sharing\" target=\"blank\" rel=\"noopener\">\u00bb 3\u00ba Trimestre &#8211; NiteroiPrev &#8211; 2021<\/a><\/h3>\n<h3><a href=\"https:\/\/drive.google.com\/file\/d\/1-RNcjDPXq6cOJ6Tu3MA_5o_KyI6aH0DX\/view?usp=sharing\" target=\"blank\" rel=\"noopener\">\u00bb 3\u00ba Trimestre &#8211; Previdenci\u00e1rio &#8211; 2021<\/a><\/h3>\n<h3><a href=\"http:\/\/niteroiprev.niteroi.rj.gov.br\/wp-content\/uploads\/2022\/01\/Despesa-4-trimestre-2021-Financeiro.pdf\" target=\"_blank\" rel=\"noopener\">\u00bb 4\u00ba Trimestre &#8211; Financeiro &#8211; 2021<\/a><\/h3>\n<h3><a href=\"http:\/\/niteroiprev.niteroi.rj.gov.br\/wp-content\/uploads\/2022\/01\/Despesa-4-trimestre-2021-Niteroiprev.pdf\" target=\"_blank\" rel=\"noopener\">\u00bb 4\u00ba Trimestre &#8211; NiteroiPrev &#8211; 2021<\/a><\/h3>\n<h3><a href=\"http:\/\/niteroiprev.niteroi.rj.gov.br\/wp-content\/uploads\/2022\/01\/Despesa-4-trimestre-2021-Previdenciario.pdf\" target=\"_blank\" rel=\"noopener\">\u00bb 4\u00ba Trimestre &#8211; Previdenci\u00e1rio &#8211; 2021<\/a><\/h3>\n<\/div><\/div><\/div><div class=\"fusion-panel panel-default\"><div class=\"panel-heading\"><h4 class=\"panel-title toggle\"><a data-toggle=\"collapse\" data-parent=\"#accordion-361-1\" data-target=\"#c5604f902a458f020\" href=\"#c5604f902a458f020\"><div class=\"fusion-toggle-icon-wrapper\"><i class=\"fa-fusion-box\"><\/i><\/div><div class=\"fusion-toggle-heading\">2020<\/div><\/a><\/h4><\/div><div id=\"c5604f902a458f020\" class=\"panel-collapse collapse \"><div class=\"panel-body toggle-content\">\n<h3><a href=\"https:\/\/drive.google.com\/file\/d\/1WRzy1HMjIUfDjR1Zeu8glAR5cC6EZ3N8\/view?usp=sharing\" target=\"blank\" rel=\"noopener\">\u00bb 4\u00ba Trimestre &#8211; Financeiro &#8211; 2020<\/a><\/h3>\n<h3><a href=\"https:\/\/drive.google.com\/file\/d\/1MOdL-4ZU0TIQfz4mW36cyiz-vzD-rAnF\/view?usp=sharing\" target=\"blank\" rel=\"noopener\">\u00bb 4\u00ba Trimestre &#8211; NiteroiPrev &#8211; 2020<\/a><\/h3>\n<h3><a href=\"https:\/\/drive.google.com\/file\/d\/1_zHCmHbUA1lFM69qvZnUOXw-BT3Wgekd\/view?usp=sharing\" target=\"blank\" rel=\"noopener\">\u00bb 4\u00ba Trimestre &#8211; Previdenci\u00e1rio &#8211; 2020<\/a><\/h3>\n<h3><a href=\"https:\/\/drive.google.com\/file\/d\/1l7GW45pio86XHRY_USvP2Sy4IHyFnY_1\/view?usp=sharing\" target=\"blank\" rel=\"noopener\">\u00bb 3\u00ba Trimestre &#8211; Financeiro &#8211; 2020<\/a><\/h3>\n<h3><a href=\"https:\/\/drive.google.com\/file\/d\/15uAlXh9xrhnEx0Y3PQ30AZT_dZs5Al1o\/view?usp=sharing\" target=\"blank\" rel=\"noopener\">\u00bb 3\u00ba Trimestre &#8211; NiteroiPrev &#8211; 2020<\/a><\/h3>\n<h3><a href=\"https:\/\/drive.google.com\/file\/d\/1mo7-30rLpYZcJFg6fkymZc-h4aS_GCht\/view?usp=sharing\" target=\"blank\" rel=\"noopener\">\u00bb 3\u00ba Trimestre &#8211; Previdenci\u00e1rio &#8211; 2020<\/a><\/h3>\n<h3><a href=\"https:\/\/drive.google.com\/file\/d\/1M2zxP1O-JyEQJ0Z2qkYuyz1NDdRUBXsg\/view?usp=sharing\" target=\"blank\" rel=\"noopener\">\u00bb 2\u00ba Trimestre &#8211; Financeiro &#8211; 2020<\/a><\/h3>\n<h3><a href=\"https:\/\/drive.google.com\/file\/d\/1ptbD-1H396jPxIUOOjPg7IA4hPSxJR6N\/view?usp=sharing\" target=\"blank\" rel=\"noopener\">\u00bb 2\u00ba Trimestre &#8211; NiteroiPrev &#8211; 2020<\/a><\/h3>\n<h3><a href=\"https:\/\/drive.google.com\/file\/d\/1qYmNok_V75IzHMV5YE2hF5Wg-nGsQVk2\/view?usp=sharing\" target=\"blank\" rel=\"noopener\">\u00bb 2\u00ba Trimestre &#8211; Previdenci\u00e1rio &#8211; 2020<\/a><\/h3>\n<h3><a href=\"https:\/\/drive.google.com\/file\/d\/18Wr1hsjVxMYXJF62cKOjbVCT6ix_gx59\/view?usp=sharing\" target=\"blank\" rel=\"noopener\">\u00bb 1\u00ba Trimestre &#8211; Financeiro &#8211; 2020<\/a><\/h3>\n<h3><a href=\"https:\/\/drive.google.com\/file\/d\/1Uvs9awlUg_OloAk0LaCLGr7cGW_If5yI\/view?usp=sharing\" target=\"blank\" rel=\"noopener\">\u00bb 1\u00ba Trimestre &#8211; NiteroiPrev &#8211; 2020<\/a><\/h3>\n<h3><a href=\"https:\/\/drive.google.com\/file\/d\/137Nl3wmAlFqarhYxDz65mRUVgnGeF46M\/view?usp=sharing\" target=\"blank\" rel=\"noopener\">\u00bb 1\u00ba Trimestre &#8211; Previdenci\u00e1rio &#8211; 2020<\/a><\/h3>\n<\/div><\/div><\/div><div class=\"fusion-panel panel-default\"><div class=\"panel-heading\"><h4 class=\"panel-title toggle\"><a data-toggle=\"collapse\" data-parent=\"#accordion-361-1\" data-target=\"#64064537a4df9c025\" href=\"#64064537a4df9c025\"><div class=\"fusion-toggle-icon-wrapper\"><i class=\"fa-fusion-box\"><\/i><\/div><div class=\"fusion-toggle-heading\">2019<\/div><\/a><\/h4><\/div><div id=\"64064537a4df9c025\" class=\"panel-collapse collapse \"><div class=\"panel-body toggle-content\">\n<h3><a href=\"https:\/\/drive.google.com\/file\/d\/1-nFkYgGpbNecvjNomuCXzKC7_bU6w0lt\/view?usp=sharing\" target=\"blank\" rel=\"noopener\">\u00bb 4\u00ba Trimestre &#8211; Financeiro &#8211; 2019<\/a><\/h3>\n<h3><a href=\"https:\/\/drive.google.com\/file\/d\/1I9loJ1cDtz6VpouItQlEBJS2qkBOfDrF\/view?usp=sharing\" target=\"blank\" rel=\"noopener\">\u00bb 4\u00ba Trimestre &#8211; NiteroiPrev &#8211; 2019<\/a><\/h3>\n<h3><a href=\"https:\/\/drive.google.com\/file\/d\/1EW1AkZKqwJaZNCdA1kbPuV-VDQNdo8cm\/view?usp=sharing\" target=\"blank\" rel=\"noopener\">\u00bb 4\u00ba Trimestre &#8211; Previdenci\u00e1rio &#8211; 2019<\/a><\/h3>\n<h3><a href=\"https:\/\/drive.google.com\/file\/d\/1AhauPXxIFEDesXpupZ9-lwgfg4_8JWRi\/view?usp=sharing\" target=\"blank\" rel=\"noopener\">\u00bb 3\u00ba Trimestre &#8211; Financeiro &#8211; 2019<\/a><\/h3>\n<h3><a href=\"https:\/\/drive.google.com\/file\/d\/12k6grO5FNmbSIoEs0Dk05uj-rtDdl3ZC\/view?usp=sharing\" target=\"blank\" rel=\"noopener\">\u00bb 3\u00ba Trimestre &#8211; Previdenci\u00e1rio &#8211; 2019<\/a><\/h3>\n<h3><a href=\"https:\/\/drive.google.com\/file\/d\/11OM8qxY4kdVt1Df_EFnJmABAPxNVPN8T\/view?usp=sharing\" target=\"blank\" rel=\"noopener\">\u00bb 3\u00ba Trimestre 2019<\/a><\/h3>\n<h3><a href=\"https:\/\/drive.google.com\/file\/d\/1aCVbDSpv73lB8Q2qnPIriJYfiJSuUns_\/view?usp=sharing\" target=\"blank\" rel=\"noopener\">\u00bb 2\u00ba Trimestre 2019<\/a><\/h3>\n<h3><a href=\"https:\/\/drive.google.com\/file\/d\/1lwVlI-N-CMXUlUUThsceCs-TELCFiyBL\/view?usp=sharing\" target=\"blank\" rel=\"noopener\">\u00bb 1\u00ba Trimestre 2019<\/a><\/h3>\n<\/div><\/div><\/div><div class=\"fusion-panel panel-default\"><div class=\"panel-heading\"><h4 class=\"panel-title toggle\"><a data-toggle=\"collapse\" data-parent=\"#accordion-361-1\" data-target=\"#cfa947baa3f410776\" href=\"#cfa947baa3f410776\"><div class=\"fusion-toggle-icon-wrapper\"><i class=\"fa-fusion-box\"><\/i><\/div><div class=\"fusion-toggle-heading\">2018<\/div><\/a><\/h4><\/div><div id=\"cfa947baa3f410776\" class=\"panel-collapse collapse \"><div class=\"panel-body toggle-content\">\n<h3><a href=\"https:\/\/drive.google.com\/file\/d\/11bhBZX0V5nXhpOsFtdgJjSwpff5yeMtv\/view?usp=sharing\" target=\"blank\" rel=\"noopener\">\u00bb 4o. Trimestre 2018<\/a><\/h3>\n<h3><a href=\"https:\/\/goo.gl\/ifMA4j\" target=\"blank\" rel=\"noopener\">\u00bb 3o. Trimestre 2018<\/a><\/h3>\n<h3><a href=\"https:\/\/drive.google.com\/file\/d\/1D1-6Yr-ap4w3TGvNfgzqXNG82nC9Z-vl\/view?usp=sharing\" target=\"blank\" rel=\"noopener\">\u00bb 2o. Trimestre 2018<\/a><\/h3>\n<h3><a href=\"https:\/\/drive.google.com\/file\/d\/18jr8-22iKGOovAdFlSr-dexiI91aUntZ\/view?usp=sharing\" target=\"blank\" rel=\"noopener\">\u00bb 1o. Trimestre 2018<\/a><\/h3>\n<\/div><\/div><\/div><div class=\"fusion-panel panel-default\"><div class=\"panel-heading\"><h4 class=\"panel-title toggle\"><a data-toggle=\"collapse\" data-parent=\"#accordion-361-1\" data-target=\"#ac8ad30d262b45caa\" href=\"#ac8ad30d262b45caa\"><div class=\"fusion-toggle-icon-wrapper\"><i class=\"fa-fusion-box\"><\/i><\/div><div class=\"fusion-toggle-heading\">2017<\/div><\/a><\/h4><\/div><div id=\"ac8ad30d262b45caa\" class=\"panel-collapse collapse \"><div class=\"panel-body toggle-content\">\n<h3><a href=\"https:\/\/goo.gl\/d9s41g\" target=\"blank\" rel=\"noopener\">\u00bb 4o. Trimestre 2017<\/a><\/h3>\n<h3><a href=\"https:\/\/goo.gl\/GjNtio\" target=\"blank\" rel=\"noopener\">\u00bb 3o. Trimestre 2017<\/a><\/h3>\n<h3><a href=\"https:\/\/goo.gl\/2Rj1od\" target=\"blank\" rel=\"noopener\">\u00bb 2o. Trimestre 2017<\/a><\/h3>\n<h3><a href=\"https:\/\/goo.gl\/jmRvjq\" target=\"blank\" rel=\"noopener\">\u00bb 1o. Trimestre 2017<\/a><\/h3>\n<\/div><\/div><\/div><div class=\"fusion-panel panel-default\"><div class=\"panel-heading\"><h4 class=\"panel-title toggle\"><a data-toggle=\"collapse\" data-parent=\"#accordion-361-1\" data-target=\"#6dd31d84a6cc6fb33\" href=\"#6dd31d84a6cc6fb33\"><div class=\"fusion-toggle-icon-wrapper\"><i class=\"fa-fusion-box\"><\/i><\/div><div class=\"fusion-toggle-heading\">2016<\/div><\/a><\/h4><\/div><div id=\"6dd31d84a6cc6fb33\" class=\"panel-collapse collapse \"><div class=\"panel-body toggle-content\">\n<h3><a href=\"https:\/\/goo.gl\/rFKAm4\" target=\"blank\" rel=\"noopener\">\u00bb 4o. Trimestre 2016<\/a><\/h3>\n<h3><a href=\"https:\/\/goo.gl\/33FSqp\" target=\"blank\" rel=\"noopener\">\u00bb 3o. Trimestre 2016<\/a><\/h3>\n<h3><a href=\"https:\/\/goo.gl\/5vk5wa\" target=\"blank\" rel=\"noopener\">\u00bb 2o. Trimestre 2016<\/a><\/h3>\n<h3><a href=\"https:\/\/goo.gl\/DDL8wm\" target=\"blank\" rel=\"noopener\">\u00bb 1o. Trimestre 2016<\/a><\/h3>\n<\/div><\/div><\/div><div class=\"fusion-panel panel-default\"><div class=\"panel-heading\"><h4 class=\"panel-title toggle\"><a data-toggle=\"collapse\" data-parent=\"#accordion-361-1\" data-target=\"#96ff110f1fcde46f1\" href=\"#96ff110f1fcde46f1\"><div class=\"fusion-toggle-icon-wrapper\"><i class=\"fa-fusion-box\"><\/i><\/div><div class=\"fusion-toggle-heading\">2015<\/div><\/a><\/h4><\/div><div id=\"96ff110f1fcde46f1\" class=\"panel-collapse collapse \"><div class=\"panel-body toggle-content\">\n<h3><a href=\"https:\/\/goo.gl\/r2FYnx\" target=\"blank\" rel=\"noopener\">\u00bb 4o. Trimestre 2015<\/a><\/h3>\n<h3><a href=\"https:\/\/goo.gl\/3si3dF\" target=\"blank\" rel=\"noopener\">\u00bb 3o. Trimestre 2015<\/a><\/h3>\n<h3><a href=\"https:\/\/goo.gl\/yL0miU\" target=\"blank\" rel=\"noopener\">\u00bb 2o. Trimestre 2015<\/a><\/h3>\n<h3><a href=\"http:\/\/192.168.64.210\/arquivos\/DESPESAS_1TRI2015.pdf\" target=\"blank\" rel=\"noopener\">\u00bb 1o. Trimestre 2015<\/a><\/h3>\n<\/div><\/div><\/div><div class=\"fusion-panel panel-default\"><div class=\"panel-heading\"><h4 class=\"panel-title toggle\"><a data-toggle=\"collapse\" data-parent=\"#accordion-361-1\" data-target=\"#938fadfa056047fc0\" href=\"#938fadfa056047fc0\"><div class=\"fusion-toggle-icon-wrapper\"><i class=\"fa-fusion-box\"><\/i><\/div><div class=\"fusion-toggle-heading\">2014<\/div><\/a><\/h4><\/div><div id=\"938fadfa056047fc0\" class=\"panel-collapse collapse \"><div class=\"panel-body toggle-content\">\n<h3><a href=\"http:\/\/192.168.64.210\/arquivos\/DESPESAS_4TRI2014.pdf\" target=\"blank\" rel=\"noopener\">\u00bb 4o. Trimestre 2014<\/a><\/h3>\n<h3><a href=\"http:\/\/192.168.64.210\/arquivos\/DESPESAS_3-TRI-2014.pdf\" target=\"blank\" rel=\"noopener\">\u00bb 3o. Trimestre 2014<\/a><\/h3>\n<h3><a href=\"http:\/\/192.168.64.210\/arquivos\/2o-Trimestre-2014.pdf\" target=\"blank\" rel=\"noopener\">\u00bb 2o. Trimestre 2014<\/a><\/h3>\n<h3><a href=\"http:\/\/192.168.64.210\/arquivos\/DESPESAS_NITEROI_PREV_1T-2014.pdf\" target=\"blank\" rel=\"noopener\">\u00bb 1o. Trimestre 2014<\/a><\/h3>\n<\/div><\/div><\/div><div class=\"fusion-panel panel-default\"><div class=\"panel-heading\"><h4 class=\"panel-title toggle\"><a data-toggle=\"collapse\" data-parent=\"#accordion-361-1\" data-target=\"#910687f34ffd7826b\" href=\"#910687f34ffd7826b\"><div class=\"fusion-toggle-icon-wrapper\"><i class=\"fa-fusion-box\"><\/i><\/div><div class=\"fusion-toggle-heading\">2013<\/div><\/a><\/h4><\/div><div id=\"910687f34ffd7826b\" class=\"panel-collapse collapse \"><div class=\"panel-body toggle-content\">\n<h3><a href=\"http:\/\/192.168.64.210\/arquivos\/Despesas%20JUL-DEZ%20-%202013.pdf\" target=\"blank\" rel=\"noopener\">\u00bb JUL &#8211; DEZ 2013<\/a><\/h3>\n<h3><a href=\"http:\/\/192.168.64.210\/arquivos\/Despesas%20-%20JAN%20-%20JUN%202013.pdf\" target=\"blank\" rel=\"noopener\">\u00bb JAN &#8211; JUN 2013<\/a><\/h3>\n<\/div><\/div><\/div><\/div><\/div><div class=\"fusion-clearfix\"><\/div>\n\n\t\t\t\t\t<\/div>\n\t\t\t\t<\/div><\/div><\/div>\n","protected":false},"excerpt":{"rendered":"","protected":false},"author":1,"featured_media":0,"parent":0,"menu_order":0,"comment_status":"closed","ping_status":"closed","template":"100-width.php","meta":{"_acf_changed":false,"footnotes":""},"class_list":["post-361","page","type-page","status-publish","hentry"],"acf":[],"_links":{"self":[{"href":"https:\/\/niteroiprev.niteroi.rj.gov.br\/index.php?rest_route=\/wp\/v2\/pages\/361","targetHints":{"allow":["GET"]}}],"collection":[{"href":"https:\/\/niteroiprev.niteroi.rj.gov.br\/index.php?rest_route=\/wp\/v2\/pages"}],"about":[{"href":"https:\/\/niteroiprev.niteroi.rj.gov.br\/index.php?rest_route=\/wp\/v2\/types\/page"}],"author":[{"embeddable":true,"href":"https:\/\/niteroiprev.niteroi.rj.gov.br\/index.php?rest_route=\/wp\/v2\/users\/1"}],"replies":[{"embeddable":true,"href":"https:\/\/niteroiprev.niteroi.rj.gov.br\/index.php?rest_route=%2Fwp%2Fv2%2Fcomments&post=361"}],"version-history":[{"count":177,"href":"https:\/\/niteroiprev.niteroi.rj.gov.br\/index.php?rest_route=\/wp\/v2\/pages\/361\/revisions"}],"predecessor-version":[{"id":7133,"href":"https:\/\/niteroiprev.niteroi.rj.gov.br\/index.php?rest_route=\/wp\/v2\/pages\/361\/revisions\/7133"}],"wp:attachment":[{"href":"https:\/\/niteroiprev.niteroi.rj.gov.br\/index.php?rest_route=%2Fwp%2Fv2%2Fmedia&parent=361"}],"curies":[{"name":"wp","href":"https:\/\/api.w.org\/{rel}","templated":true}]}}