{"id":436,"date":"2018-09-20T15:02:57","date_gmt":"2018-09-20T18:02:57","guid":{"rendered":"http:\/\/192.168.64.210\/?page_id=436"},"modified":"2026-03-11T17:16:45","modified_gmt":"2026-03-11T20:16:45","slug":"recadastramento","status":"publish","type":"page","link":"https:\/\/niteroiprev.niteroi.rj.gov.br\/?page_id=436","title":{"rendered":"Prova de vida"},"content":{"rendered":"<p><div  class=\"fusion-fullwidth fullwidth-box nonhundred-percent-fullwidth\"  style='background-color: rgba(255,255,255,0);background-position: center center;background-repeat: no-repeat;padding-top:0px;padding-right:0px;padding-bottom:0px;padding-left:0px;'><\/div><div class=\"fusion-builder-row fusion-row \"><\/div><div  class=\"fusion-layout-column fusion_builder_column fusion_builder_column_2_3  fusion-two-third fusion-column-first 2_3\"  style='margin-top:0px;margin-bottom:20px;width:66.66%;width:calc(66.66% - ( ( 4% ) * 0.6666 ) );margin-right: 4%;'>\n\t\t\t\t\t<div class=\"fusion-column-wrapper\" style=\"background-position:left top;background-repeat:no-repeat;-webkit-background-size:cover;-moz-background-size:cover;-o-background-size:cover;background-size:cover;\"  data-bg-url=\"\">\n\t\t\t\t\t\t<div class=\"fusion-clearfix\"><\/div>\n\n\t\t\t\t\t<\/div>\n\t\t\t\t<\/div><div class=\"fusion-title title fusion-sep-none fusion-title-center fusion-title-size-two\" style=\"margin-top:0px;margin-bottom:31px;\"><h2 class=\"title-heading-center\"><\/p>\n<p><\/h2><\/div><\/p>\n<h1 style=\"text-align: center;\">Prova de vida 2026<\/h1>\n<h3 style=\"text-align: center;\"><span style=\"color: #ff0000;\"><strong>Aproveitamos a oportunidade para informar que a\u00a0PROVA DE VIDA de cada benefici\u00e1rio deve ser realizada no m\u00eas de anivers\u00e1rio.<\/strong><\/span><\/h3>\n<h3 style=\"text-align: center;\"><span style=\"color: #ff0000;\"><strong>Documentos necess\u00e1rios: RG, CPF e COMPROVANTE DE RESID\u00caNCIA.<\/strong><\/span><\/h3>\n<h3 style=\"text-align: center;\"><strong><u>EVITE O BLOQUEIO DO SEU PAGAMENTO.\u00a0<\/u><\/strong><u><\/u><\/h3>\n<h3 style=\"text-align: center;\"><strong><u>SEPRO &#8211; SERVI\u00c7O DE PROTOCOLO<\/u><\/strong><\/h3>\n<p>&nbsp;<\/p>\n","protected":false},"excerpt":{"rendered":"<p>Prova de vida 2026 Aproveitamos a oportunidade para informar que [&hellip;]<\/p>\n","protected":false},"author":1,"featured_media":0,"parent":0,"menu_order":0,"comment_status":"closed","ping_status":"closed","template":"","meta":{"_acf_changed":false,"footnotes":""},"class_list":["post-436","page","type-page","status-publish","hentry"],"acf":[],"_links":{"self":[{"href":"https:\/\/niteroiprev.niteroi.rj.gov.br\/index.php?rest_route=\/wp\/v2\/pages\/436","targetHints":{"allow":["GET"]}}],"collection":[{"href":"https:\/\/niteroiprev.niteroi.rj.gov.br\/index.php?rest_route=\/wp\/v2\/pages"}],"about":[{"href":"https:\/\/niteroiprev.niteroi.rj.gov.br\/index.php?rest_route=\/wp\/v2\/types\/page"}],"author":[{"embeddable":true,"href":"https:\/\/niteroiprev.niteroi.rj.gov.br\/index.php?rest_route=\/wp\/v2\/users\/1"}],"replies":[{"embeddable":true,"href":"https:\/\/niteroiprev.niteroi.rj.gov.br\/index.php?rest_route=%2Fwp%2Fv2%2Fcomments&post=436"}],"version-history":[{"count":51,"href":"https:\/\/niteroiprev.niteroi.rj.gov.br\/index.php?rest_route=\/wp\/v2\/pages\/436\/revisions"}],"predecessor-version":[{"id":7284,"href":"https:\/\/niteroiprev.niteroi.rj.gov.br\/index.php?rest_route=\/wp\/v2\/pages\/436\/revisions\/7284"}],"wp:attachment":[{"href":"https:\/\/niteroiprev.niteroi.rj.gov.br\/index.php?rest_route=%2Fwp%2Fv2%2Fmedia&parent=436"}],"curies":[{"name":"wp","href":"https:\/\/api.w.org\/{rel}","templated":true}]}}