{"id":438,"date":"2018-09-20T15:03:47","date_gmt":"2018-09-20T18:03:47","guid":{"rendered":"http:\/\/192.168.64.210\/?page_id=438"},"modified":"2026-02-24T10:04:56","modified_gmt":"2026-02-24T13:04:56","slug":"abertura-de-processo","status":"publish","type":"page","link":"https:\/\/niteroiprev.niteroi.rj.gov.br\/?page_id=438","title":{"rendered":"Abertura de processo"},"content":{"rendered":"<p><div  class=\"fusion-fullwidth fullwidth-box nonhundred-percent-fullwidth\"  style='background-color: rgba(255,255,255,0);background-position: center center;background-repeat: no-repeat;padding-top:0px;padding-right:0px;padding-bottom:0px;padding-left:0px;'><div class=\"fusion-builder-row fusion-row \"><div  class=\"fusion-layout-column fusion_builder_column fusion_builder_column_1_1  fusion-one-full fusion-column-first fusion-column-last 1_1\"  style='margin-top:0px;margin-bottom:20px;'>\n\t\t\t\t\t<div class=\"fusion-column-wrapper\" style=\"background-position:left top;background-repeat:no-repeat;-webkit-background-size:cover;-moz-background-size:cover;-o-background-size:cover;background-size:cover;\"  data-bg-url=\"\">\n\t\t\t\t\t\t<div style=\"text-align: center; font-size: 20px;\"><strong>Documentos para Abertura de Processos:<\/strong><\/div>\n<div><\/div>\n<div>\n<div class=\"fusion-clearfix\"><\/div>\n\n\t\t\t\t\t<\/div>\n\t\t\t\t<\/div><div  class=\"fusion-layout-column fusion_builder_column fusion_builder_column_1_3  fusion-one-third fusion-column-first 1_3\"  style='margin-top:0px;margin-bottom:20px;width:30.6666%; margin-right: 4%;'>\n\t\t\t\t\t<div class=\"fusion-column-wrapper\" style=\"padding: 10px 0px 0px 0px;background-position:left top;background-repeat:no-repeat;-webkit-background-size:cover;-moz-background-size:cover;-o-background-size:cover;background-size:cover;\"  data-bg-url=\"\">\n\t\t\t\t\t\t<div class=\"fusion-button-wrapper\"><style type=\"text\/css\" scoped=\"scoped\">.fusion-button.button-1 .fusion-button-text, .fusion-button.button-1 i {color:#ffffff;}.fusion-button.button-1 {border-width:0px;border-color:#ffffff;}.fusion-button.button-1 .fusion-button-icon-divider{border-color:#ffffff;}.fusion-button.button-1:hover .fusion-button-text, .fusion-button.button-1:hover i,.fusion-button.button-1:focus .fusion-button-text, .fusion-button.button-1:focus i,.fusion-button.button-1:active .fusion-button-text, .fusion-button.button-1:active{color:#ffffff;}.fusion-button.button-1:hover, .fusion-button.button-1:focus, .fusion-button.button-1:active{border-width:0px;border-color:#ffffff;}.fusion-button.button-1:hover .fusion-button-icon-divider, .fusion-button.button-1:hover .fusion-button-icon-divider, .fusion-button.button-1:active .fusion-button-icon-divider{border-color:#ffffff;}.fusion-button.button-1{width:auto;}<\/style><a class=\"fusion-button button-flat fusion-button-round button-large button-default button-1\" target=\"_blank\" rel=\"noopener noreferrer\" href=\"https:\/\/niteroiprev.niteroi.rj.gov.br\/wp-content\/uploads\/2026\/02\/Modelo-de-Requerimento-de-Abertura-de-Processo-Administrativo.pdf\"><span class=\"fusion-button-text\">Modelo de requerimento<\/span><\/a><\/div><div class=\"fusion-clearfix\"><\/div>\n\n\t\t\t\t\t<\/div>\n\t\t\t\t<\/div><\/div><\/div><div  class=\"fusion-fullwidth fullwidth-box nonhundred-percent-fullwidth\"  style='background-color: rgba(255,255,255,0);background-position: center center;background-repeat: no-repeat;padding-top:0px;padding-right:0px;padding-bottom:0px;padding-left:0px;'><div class=\"fusion-builder-row fusion-row \"><div  class=\"fusion-layout-column fusion_builder_column fusion_builder_column_1_1  fusion-one-full fusion-column-last 1_1\"  style='margin-top:0px;margin-bottom:0px;'>\n\t\t\t\t\t<div class=\"fusion-column-wrapper\" style=\"background-position:left top;background-repeat:no-repeat;-webkit-background-size:cover;-moz-background-size:cover;-o-background-size:cover;background-size:cover;\"  data-bg-url=\"\">\n\t\t\t\t\t\t<\/div>\n<div><span style=\"color: #f68e47; font-size: 18px;\"><strong>&#8211; Geral<\/strong><\/span><\/div>\n<div><\/div>\n<div>RG, CPF, Comprovante de resid\u00eancia, Contracheque e requerimento detalhado<\/div>\n<div><span style=\"color: #f68e47; font-size: 18px;\"><strong>&#8211; Pens\u00e3o para C\u00f4njuge<\/strong><\/span><\/div>\n<div><\/div>\n<div>Do Requerente:<\/div>\n<div>RG, CPF, Comprovante de resid\u00eancia e Certid\u00e3o de casamento atualizada<\/div>\n<div><\/div>\n<div>Do Servidor:<\/div>\n<div>RG, CPF, Comprovante de resid\u00eancia, Certid\u00e3o de \u00f3bito e \u00faltimo contracheque<\/div>\n<div><span style=\"color: #f68e47; font-size: 18px;\"><strong>&#8211; Pens\u00e3o para companheiro(a)<\/strong><\/span><\/div>\n<div>\n<p>Do Requerente:<br \/>\nRG, CPF, Comprovante de resid\u00eancia, Certid\u00e3o de Casamento ou Nascimento atualizada (v\u00e1lida at\u00e9 2 meses) j\u00e1 com as averba\u00e7\u00f5es<br \/>\nDo Servidor:<br \/>\nRG, CPF, Comprovante de resid\u00eancia, Certid\u00e3o de Casamento ou Nascimento atualizada (v\u00e1lida at\u00e9 2 meses), Certid\u00e3o de \u00f3bito e \u00faltimo contracheque<br \/>\nComprova\u00e7\u00e3o de V\u00ednculo<br \/>\n(m\u00ednimo de 3 documentos)<br \/>\n&#8211; Certid\u00e3o de Nascimento de filho havido em comum<br \/>\n&#8211; Prova de mesmo domic\u00edlio<br \/>\n&#8211; Disposi\u00e7\u00f5es Testament\u00e1rias<br \/>\n&#8211; Conta banc\u00e1ria conjunta<br \/>\n&#8211; Escritura de compra e venda de im\u00f3vel pelo segurado em nome do dependente<br \/>\n&#8211; Procura\u00e7\u00e3o ou fian\u00e7a reciprocamente autorgada<br \/>\n&#8211; Outros documentos que possam de fato comprovar<\/p>\n<p><strong>Obs:<\/strong> O requerimento de abertura de processo assinado por meio n\u00e3o eletr\u00f4nico deve ser reconhecida em firma no cart\u00f3rio.<br \/>\nDeclara\u00e7\u00f5es para Processo de Pens\u00e3o (obrigat\u00f3rio):<\/p>\n<\/div>\n<div class=\"fusion-clearfix\"><\/div>\n\n\t\t\t\t\t<\/div>\n\t\t\t\t<\/div><div  class=\"fusion-layout-column fusion_builder_column fusion_builder_column_1_3  fusion-one-third fusion-column-first 1_3\"  style='margin-top:0px;margin-bottom:20px;width:33.33%;width:calc(33.33% - ( ( 4% + 4% ) * 0.3333 ) );margin-right: 4%;'>\n\t\t\t\t\t<div class=\"fusion-column-wrapper\" style=\"padding: 10px 0px 0px 0px;background-position:left top;background-repeat:no-repeat;-webkit-background-size:cover;-moz-background-size:cover;-o-background-size:cover;background-size:cover;\"  data-bg-url=\"\">\n\t\t\t\t\t\t<div class=\"fusion-button-wrapper\"><style type=\"text\/css\" scoped=\"scoped\">.fusion-button.button-2 .fusion-button-text, .fusion-button.button-2 i {color:#ffffff;}.fusion-button.button-2 {border-width:0px;border-color:#ffffff;}.fusion-button.button-2 .fusion-button-icon-divider{border-color:#ffffff;}.fusion-button.button-2:hover .fusion-button-text, .fusion-button.button-2:hover i,.fusion-button.button-2:focus .fusion-button-text, .fusion-button.button-2:focus i,.fusion-button.button-2:active .fusion-button-text, .fusion-button.button-2:active{color:#ffffff;}.fusion-button.button-2:hover, .fusion-button.button-2:focus, .fusion-button.button-2:active{border-width:0px;border-color:#ffffff;}.fusion-button.button-2:hover .fusion-button-icon-divider, .fusion-button.button-2:hover .fusion-button-icon-divider, .fusion-button.button-2:active .fusion-button-icon-divider{border-color:#ffffff;}.fusion-button.button-2{width:auto;}<\/style><a class=\"fusion-button button-flat fusion-button-round button-large button-default button-2\" target=\"_blank\" rel=\"noopener noreferrer\" href=\"https:\/\/niteroiprev.niteroi.rj.gov.br\/wp-content\/uploads\/2026\/02\/DECLARACAO-HABILITACAO-PENSAO.pdf\"><span class=\"fusion-button-text\">Declara\u00e7\u00e3o de Habilita\u00e7\u00e3o de Pens\u00e3o<\/span><\/a><\/div><div class=\"fusion-clearfix\"><\/div>\n\n\t\t\t\t\t<\/div>\n\t\t\t\t<\/div><div  class=\"fusion-layout-column fusion_builder_column fusion_builder_column_1_3  fusion-one-third 1_3\"  style='margin-top:0px;margin-bottom:20px;width:33.33%;width:calc(33.33% - ( ( 4% + 4% ) * 0.3333 ) );margin-right: 4%;'>\n\t\t\t\t\t<div class=\"fusion-column-wrapper\" style=\"padding: 10px 0px 0px 0px;background-position:left top;background-repeat:no-repeat;-webkit-background-size:cover;-moz-background-size:cover;-o-background-size:cover;background-size:cover;\"  data-bg-url=\"\">\n\t\t\t\t\t\t<div class=\"fusion-button-wrapper\"><style type=\"text\/css\" scoped=\"scoped\">.fusion-button.button-3 .fusion-button-text, .fusion-button.button-3 i {color:#ffffff;}.fusion-button.button-3 {border-width:0px;border-color:#ffffff;}.fusion-button.button-3 .fusion-button-icon-divider{border-color:#ffffff;}.fusion-button.button-3:hover .fusion-button-text, .fusion-button.button-3:hover i,.fusion-button.button-3:focus .fusion-button-text, .fusion-button.button-3:focus i,.fusion-button.button-3:active .fusion-button-text, .fusion-button.button-3:active{color:#ffffff;}.fusion-button.button-3:hover, .fusion-button.button-3:focus, .fusion-button.button-3:active{border-width:0px;border-color:#ffffff;}.fusion-button.button-3:hover .fusion-button-icon-divider, .fusion-button.button-3:hover .fusion-button-icon-divider, .fusion-button.button-3:active .fusion-button-icon-divider{border-color:#ffffff;}.fusion-button.button-3{width:auto;}<\/style><a class=\"fusion-button button-flat fusion-button-round button-large button-default button-3\" target=\"_blank\" rel=\"noopener noreferrer\" href=\"https:\/\/niteroiprev.niteroi.rj.gov.br\/wp-content\/uploads\/2026\/02\/DECLARACAO-DE-NAO-ACUMULACAO-DE-BENEFICIOS-PREVIDENCIARIOS.pdf\"><span class=\"fusion-button-text\">Declara\u00e7\u00e3o de Acumula\u00e7\u00e3o (Aposent.)<\/span><\/a><\/div>\n<div class=\"fusion-clearfix\"><\/div>\n\n\t\t\t\t\t<\/div>\n\t\t\t\t<\/div><div  class=\"fusion-layout-column fusion_builder_column fusion_builder_column_1_3  fusion-one-third fusion-column-last 1_3\"  style='margin-top:0px;margin-bottom:20px;width:33.33%;width:calc(33.33% - ( ( 4% + 4% ) * 0.3333 ) );'>\n\t\t\t\t\t<div class=\"fusion-column-wrapper\" style=\"padding: 10px 0px 0px 0px;background-position:left top;background-repeat:no-repeat;-webkit-background-size:cover;-moz-background-size:cover;-o-background-size:cover;background-size:cover;\"  data-bg-url=\"\">\n\t\t\t\t\t\t<div class=\"fusion-button-wrapper\"><style type=\"text\/css\" scoped=\"scoped\">.fusion-button.button-4 .fusion-button-text, .fusion-button.button-4 i {color:#ffffff;}.fusion-button.button-4 {border-width:0px;border-color:#ffffff;}.fusion-button.button-4 .fusion-button-icon-divider{border-color:#ffffff;}.fusion-button.button-4:hover .fusion-button-text, .fusion-button.button-4:hover i,.fusion-button.button-4:focus .fusion-button-text, .fusion-button.button-4:focus i,.fusion-button.button-4:active .fusion-button-text, .fusion-button.button-4:active{color:#ffffff;}.fusion-button.button-4:hover, .fusion-button.button-4:focus, .fusion-button.button-4:active{border-width:0px;border-color:#ffffff;}.fusion-button.button-4:hover .fusion-button-icon-divider, .fusion-button.button-4:hover .fusion-button-icon-divider, .fusion-button.button-4:active .fusion-button-icon-divider{border-color:#ffffff;}.fusion-button.button-4{width:auto;}<\/style><a class=\"fusion-button button-flat fusion-button-round button-large button-default button-4\" target=\"_blank\" rel=\"noopener noreferrer\" href=\"https:\/\/niteroiprev.niteroi.rj.gov.br\/wp-content\/uploads\/2026\/02\/REQUERIMENTO-APOSENTADORIA-NITPREV.pdf\"><span class=\"fusion-button-text\">Requerimento de Aposentadoria<\/span><\/a><\/div><div class=\"fusion-clearfix\"><\/div>\n\n\t\t\t\t\t<\/div>\n\t\t\t\t<\/div><\/div><\/div><\/p>\n<p><div  class=\"fusion-layout-column fusion_builder_column fusion_builder_column_1_3  fusion-one-third fusion-column-first 1_3\"  style='margin-top:0px;margin-bottom:20px;width:30.6666%; margin-right: 4%;'>\n\t\t\t\t\t<div class=\"fusion-column-wrapper\" style=\"padding: 10px 0px 0px 0px;background-position:left top;background-repeat:no-repeat;-webkit-background-size:cover;-moz-background-size:cover;-o-background-size:cover;background-size:cover;\"  data-bg-url=\"\">\n\t\t\t\t\t\t<div class=\"fusion-button-wrapper\"><style type=\"text\/css\" scoped=\"scoped\">.fusion-button.button-5 .fusion-button-text, .fusion-button.button-5 i {color:#ffffff;}.fusion-button.button-5 {border-width:0px;border-color:#ffffff;}.fusion-button.button-5 .fusion-button-icon-divider{border-color:#ffffff;}.fusion-button.button-5:hover .fusion-button-text, .fusion-button.button-5:hover i,.fusion-button.button-5:focus .fusion-button-text, .fusion-button.button-5:focus i,.fusion-button.button-5:active .fusion-button-text, .fusion-button.button-5:active{color:#ffffff;}.fusion-button.button-5:hover, .fusion-button.button-5:focus, .fusion-button.button-5:active{border-width:0px;border-color:#ffffff;}.fusion-button.button-5:hover .fusion-button-icon-divider, .fusion-button.button-5:hover .fusion-button-icon-divider, .fusion-button.button-5:active .fusion-button-icon-divider{border-color:#ffffff;}.fusion-button.button-5{width:auto;}<\/style><a class=\"fusion-button button-flat fusion-button-round button-large button-default button-5\" target=\"_blank\" rel=\"noopener noreferrer\" href=\"https:\/\/niteroiprev.niteroi.rj.gov.br\/wp-content\/uploads\/2026\/02\/DECLARACAO-SOBRE-ACUMULACAO-PENSAO.pdf\"><span class=\"fusion-button-text\">Declara\u00e7\u00e3o de Acumula\u00e7\u00e3o (Pens\u00e3o)<\/span><\/a><\/div><div class=\"fusion-clearfix\"><\/div>\n\n\t\t\t\t\t<\/div>\n\t\t\t\t<\/div><div  class=\"fusion-layout-column fusion_builder_column fusion_builder_column_1_3  fusion-one-third 1_3\"  style='margin-top:0px;margin-bottom:20px;width:30.6666%; margin-right: 4%;'>\n\t\t\t\t\t<div class=\"fusion-column-wrapper\" style=\"padding: 10px 0px 0px 0px;background-position:left top;background-repeat:no-repeat;-webkit-background-size:cover;-moz-background-size:cover;-o-background-size:cover;background-size:cover;\"  data-bg-url=\"\">\n\t\t\t\t\t\t<div class=\"fusion-clearfix\"><\/div>\n\n\t\t\t\t\t<\/div>\n\t\t\t\t<\/div><div class=\"fusion-button-wrapper\"><style type=\"text\/css\" scoped=\"scoped\">.fusion-button.button-6 .fusion-button-text, .fusion-button.button-6 i {color:#ffffff;}.fusion-button.button-6 {border-width:0px;border-color:#ffffff;}.fusion-button.button-6 .fusion-button-icon-divider{border-color:#ffffff;}.fusion-button.button-6:hover .fusion-button-text, .fusion-button.button-6:hover i,.fusion-button.button-6:focus .fusion-button-text, .fusion-button.button-6:focus i,.fusion-button.button-6:active .fusion-button-text, .fusion-button.button-6:active{color:#ffffff;}.fusion-button.button-6:hover, .fusion-button.button-6:focus, .fusion-button.button-6:active{border-width:0px;border-color:#ffffff;}.fusion-button.button-6:hover .fusion-button-icon-divider, .fusion-button.button-6:hover .fusion-button-icon-divider, .fusion-button.button-6:active .fusion-button-icon-divider{border-color:#ffffff;}.fusion-button.button-6{width:auto;}<\/style><a class=\"fusion-button button-flat fusion-button-round button-large button-default button-6\" target=\"_blank\" rel=\"noopener noreferrer\" href=\"https:\/\/niteroiprev.niteroi.rj.gov.br\/wp-content\/uploads\/2026\/02\/DECLARACAO-DE-ACUMULACAO-OU-NAO-ACUMULACAO-DE-CARGOS-EMPREGOS-OU-FUNCOES-PUBLICAS.pdf\"><span class=\"fusion-button-text\">Declara\u00e7\u00e3o de Acumula\u00e7\u00e3o (Cargo)<\/span><\/a><\/div><\/p>\n","protected":false},"excerpt":{"rendered":"","protected":false},"author":1,"featured_media":0,"parent":0,"menu_order":0,"comment_status":"closed","ping_status":"closed","template":"","meta":{"_acf_changed":false,"footnotes":""},"class_list":["post-438","page","type-page","status-publish","hentry"],"acf":[],"_links":{"self":[{"href":"https:\/\/niteroiprev.niteroi.rj.gov.br\/index.php?rest_route=\/wp\/v2\/pages\/438","targetHints":{"allow":["GET"]}}],"collection":[{"href":"https:\/\/niteroiprev.niteroi.rj.gov.br\/index.php?rest_route=\/wp\/v2\/pages"}],"about":[{"href":"https:\/\/niteroiprev.niteroi.rj.gov.br\/index.php?rest_route=\/wp\/v2\/types\/page"}],"author":[{"embeddable":true,"href":"https:\/\/niteroiprev.niteroi.rj.gov.br\/index.php?rest_route=\/wp\/v2\/users\/1"}],"replies":[{"embeddable":true,"href":"https:\/\/niteroiprev.niteroi.rj.gov.br\/index.php?rest_route=%2Fwp%2Fv2%2Fcomments&post=438"}],"version-history":[{"count":38,"href":"https:\/\/niteroiprev.niteroi.rj.gov.br\/index.php?rest_route=\/wp\/v2\/pages\/438\/revisions"}],"predecessor-version":[{"id":6785,"href":"https:\/\/niteroiprev.niteroi.rj.gov.br\/index.php?rest_route=\/wp\/v2\/pages\/438\/revisions\/6785"}],"wp:attachment":[{"href":"https:\/\/niteroiprev.niteroi.rj.gov.br\/index.php?rest_route=%2Fwp%2Fv2%2Fmedia&parent=438"}],"curies":[{"name":"wp","href":"https:\/\/api.w.org\/{rel}","templated":true}]}}