{"id":440,"date":"2018-09-20T15:04:33","date_gmt":"2018-09-20T18:04:33","guid":{"rendered":"http:\/\/192.168.64.210\/?page_id=440"},"modified":"2026-02-26T10:47:08","modified_gmt":"2026-02-26T13:47:08","slug":"conselho-de-administracao-2","status":"publish","type":"page","link":"https:\/\/niteroiprev.niteroi.rj.gov.br\/?page_id=440","title":{"rendered":"Conselho de Administra\u00e7\u00e3o"},"content":{"rendered":"<p><div  class=\"fusion-fullwidth fullwidth-box nonhundred-percent-fullwidth\"  style='background-color: rgba(255,255,255,0);background-position: center center;background-repeat: no-repeat;padding-top:0px;padding-right:0px;padding-bottom:0px;padding-left:0px;margin-top: 40px;'><\/div><div class=\"fusion-builder-row fusion-row \"><\/div><div  class=\"fusion-layout-column fusion_builder_column fusion_builder_column_1_1  fusion-one-full fusion-column-first fusion-column-last 1_1\"  style='margin-top:0px;margin-bottom:20px;'>\n\t\t\t\t\t<div class=\"fusion-column-wrapper\" style=\"background-position:left top;background-repeat:no-repeat;-webkit-background-size:cover;-moz-background-size:cover;-o-background-size:cover;background-size:cover;\"  data-bg-url=\"\">\n\t\t\t\t\t\t<div class=\"fusion-clearfix\"><\/div>\n\n\t\t\t\t\t<\/div>\n\t\t\t\t<\/div><div class=\"fusion-title title fusion-sep-none fusion-title-center fusion-title-size-one\" style=\"margin-top:0px;margin-bottom:31px;\"><h1 class=\"title-heading-center\"><\/h1><\/div><\/p>\n<h1 style=\"text-align: center;\"><strong>Conselho Superior de Administra\u00e7\u00e3o<\/strong><\/h1>\n<h2 style=\"text-align: center;\"><strong>&#8220;Bi\u00eanio 2026\/2027 \u2013 Portaria n\u00ba 4081\/2025&#8221;<\/strong><\/h2>\n<p style=\"text-align: center;\"><strong>Eleitos \u00e0s 2 (duas) vagas destinadas aos Ativos<\/strong><\/p>\n<p style=\"text-align: center;\"><span data-olk-copy-source=\"MessageBody\">Carlos Magno Zanotti Meirelles<\/span><br \/>\n<span data-olk-copy-source=\"MessageBody\">Maria Helena Alves Oliveira<\/span><\/p>\n<p style=\"text-align: center;\"><strong>Eleitos \u00e0s 2 (duas) vagas destinadas aos Inativos<\/strong><\/p>\n<p style=\"text-align: center;\"><span data-olk-copy-source=\"MessageBody\">Jorge Da Concei\u00e7\u00e3o Gomes<\/span><br \/>\n<span data-olk-copy-source=\"MessageBody\">Marcos Da Silva Gon\u00e7alves<\/span><\/p>\n<h2 style=\"text-align: center;\"><strong>\u201c<span data-olk-copy-source=\"MessageBody\">Regimento Interno da Niter\u00f3i Prev &#8211; Resolu\u00e7\u00e3o n\u00ba 001\/NITPREV\/2025 &#8211; Representantes do Poder Executivo<\/span>\u201d<\/strong><\/h2>\n<p style=\"text-align: center;\"><strong>Rubia Cristina Costa Bomfim Secundino<\/strong><br \/>\nRepresentante da Secretaria de Administra\u00e7\u00e3o<\/p>\n<p style=\"text-align: center;\"><strong style=\"text-align: center;\">Cesar Augusto Barbiero<\/strong><br \/>\nRepresentante da Secretaria de Fazenda<\/p>\n<p style=\"text-align: center;\"><strong>Francisco Miguel Soares<\/strong><br \/>\nRepresentante da Procuradoria Geral do Munic\u00edpio<\/p>\n<h2 style=\"text-align: center;\"><strong>\u201c<span data-olk-copy-source=\"MessageBody\">Regimento Interno da Niter\u00f3i Prev &#8211; Resolu\u00e7\u00e3o n\u00ba 001\/NITPREV\/2025 &#8211; Membro Nato<\/span>\u201d<\/strong><\/h2>\n<p style=\"text-align: center;\"><strong>Heitor Pereira Moreira<\/strong><br \/>\nPresidente do Niter\u00f3i Prev<\/p>\n<h2 style=\"text-align: center;\"><strong>\u201c<span data-olk-copy-source=\"MessageBody\">Regimento Interno da Niter\u00f3i Prev &#8211; Resolu\u00e7\u00e3o n\u00ba 001\/NITPREV\/2025 &#8211; Representante do Poder Legislativo<\/span>\u201d<\/strong><\/h2>\n<p style=\"text-align: center;\"><strong>Rubens Carrilho Fernandes<\/strong><\/p>\n<p style=\"text-align: center;\"><img loading=\"lazy\" decoding=\"async\" class=\"aligncenter lazyload\" data-src=\"https:\/\/niteroiprev.niteroi.rj.gov.br\/wp-content\/uploads\/2026\/02\/Calendario-conselho-administracao.jpg\" alt=\"\" width=\"713\" height=\"891\" src=\"data:image\/gif;base64,R0lGODlhAQABAAAAACH5BAEKAAEALAAAAAABAAEAAAICTAEAOw==\" style=\"--smush-placeholder-width: 713px; --smush-placeholder-aspect-ratio: 713\/891;\" \/><noscript><img loading=\"lazy\" decoding=\"async\" class=\"aligncenter\" src=\"https:\/\/niteroiprev.niteroi.rj.gov.br\/wp-content\/uploads\/2026\/02\/Calendario-conselho-administracao.jpg\" alt=\"\" width=\"713\" height=\"891\" \/><\/noscript><\/p>\n","protected":false},"excerpt":{"rendered":"<p>Conselho Superior de Administra\u00e7\u00e3o &#8220;Bi\u00eanio 2026\/2027 \u2013 Portaria n\u00ba 4081\/2025&#8221; [&hellip;]<\/p>\n","protected":false},"author":1,"featured_media":0,"parent":0,"menu_order":0,"comment_status":"closed","ping_status":"closed","template":"","meta":{"_acf_changed":false,"footnotes":""},"class_list":["post-440","page","type-page","status-publish","hentry"],"acf":[],"_links":{"self":[{"href":"https:\/\/niteroiprev.niteroi.rj.gov.br\/index.php?rest_route=\/wp\/v2\/pages\/440","targetHints":{"allow":["GET"]}}],"collection":[{"href":"https:\/\/niteroiprev.niteroi.rj.gov.br\/index.php?rest_route=\/wp\/v2\/pages"}],"about":[{"href":"https:\/\/niteroiprev.niteroi.rj.gov.br\/index.php?rest_route=\/wp\/v2\/types\/page"}],"author":[{"embeddable":true,"href":"https:\/\/niteroiprev.niteroi.rj.gov.br\/index.php?rest_route=\/wp\/v2\/users\/1"}],"replies":[{"embeddable":true,"href":"https:\/\/niteroiprev.niteroi.rj.gov.br\/index.php?rest_route=%2Fwp%2Fv2%2Fcomments&post=440"}],"version-history":[{"count":21,"href":"https:\/\/niteroiprev.niteroi.rj.gov.br\/index.php?rest_route=\/wp\/v2\/pages\/440\/revisions"}],"predecessor-version":[{"id":7017,"href":"https:\/\/niteroiprev.niteroi.rj.gov.br\/index.php?rest_route=\/wp\/v2\/pages\/440\/revisions\/7017"}],"wp:attachment":[{"href":"https:\/\/niteroiprev.niteroi.rj.gov.br\/index.php?rest_route=%2Fwp%2Fv2%2Fmedia&parent=440"}],"curies":[{"name":"wp","href":"https:\/\/api.w.org\/{rel}","templated":true}]}}