{"id":5119,"date":"2025-07-28T18:02:01","date_gmt":"2025-07-28T21:02:01","guid":{"rendered":"https:\/\/niteroiprev.niteroi.rj.gov.br\/?page_id=5119"},"modified":"2026-04-20T17:08:00","modified_gmt":"2026-04-20T20:08:00","slug":"credenciamento","status":"publish","type":"page","link":"https:\/\/niteroiprev.niteroi.rj.gov.br\/?page_id=5119","title":{"rendered":"Credenciamento"},"content":{"rendered":"<div  class=\"fusion-fullwidth fullwidth-box nonhundred-percent-fullwidth\"  style='background-color: rgba(255,255,255,0);background-position: center center;background-repeat: no-repeat;padding-top:0px;padding-right:0px;padding-bottom:0px;padding-left:0px;margin-bottom: 20px;'><div class=\"fusion-builder-row fusion-row \"><div  class=\"fusion-layout-column fusion_builder_column fusion_builder_column_1_5  fusion-one-fifth fusion-column-first 1_5\"  style='margin-top:0px;margin-bottom:20px;width:20%;width:calc(20% - ( ( 4% + 4% ) * 0.2 ) );margin-right: 4%;'>\n\t\t\t\t\t<div class=\"fusion-column-wrapper\" style=\"background-position:left top;background-repeat:no-repeat;-webkit-background-size:cover;-moz-background-size:cover;-o-background-size:cover;background-size:cover;\"  data-bg-url=\"\">\n\t\t\t\t\t\t<div class=\"fusion-clearfix\"><\/div>\n\n\t\t\t\t\t<\/div>\n\t\t\t\t<\/div><div  class=\"fusion-layout-column fusion_builder_column fusion_builder_column_3_5  fusion-three-fifth 3_5\"  style='margin-top:0px;margin-bottom:20px;width:60%;width:calc(60% - ( ( 4% + 4% ) * 0.6 ) );margin-right: 4%;'>\n\t\t\t\t\t<div class=\"fusion-column-wrapper\" style=\"background-position:left top;background-repeat:no-repeat;-webkit-background-size:cover;-moz-background-size:cover;-o-background-size:cover;background-size:cover;\"  data-bg-url=\"\">\n\t\t\t\t\t\t<div class=\"fusion-title title fusion-sep-none fusion-title-size-one\" style=\"margin-top:0px;margin-bottom:31px;\"><h1 class=\"title-heading-left\">Credenciamento 02.2025 &#8211; Clube de Vantagens<\/h1><\/div><p><strong>Contratante UASG<\/strong>: 928561<br \/>\n<strong>Id contrata\u00e7\u00e3o PNCP<\/strong>: 28543098000142-1-000041\/2025<br \/>\n<strong>\u00d3rg\u00e3o<\/strong>: Niter\u00f3i Prev<br \/>\n<strong>Objeto<\/strong>: Credenciamento de empresas interessadas em oferecer benef\u00edcios\/descontos aos servidores efetivos ativos, inativos (aposentados), pensionistas e benefici\u00e1rios da Niter\u00f3i Prev, bem como aos seus dependentes at\u00e9 o segundo grau, por meio do programa que ser\u00e1 denominado &#8220;Clube de Vantagens&#8221;, de acordo com o Edital e seus anexos.<br \/>\n<strong>Data de in\u00edcio de recebimento de propostas<\/strong>: 13\/11\/2025 \u00e0s 10:00 h<br \/>\n<strong>Site<\/strong>:\u00a0www.compras.gov.br<\/p>\n<style type=\"text\/css\" scoped=\"scoped\"> }<\/style><div class=\"accordian fusion-accordian\"><div class=\"panel-group\" id=\"accordion-5119-1\">\n<div class=\"fusion-panel panel-default\"><div class=\"panel-heading\"><h4 class=\"panel-title toggle\"><a data-toggle=\"collapse\" data-parent=\"#accordion-5119-1\" data-target=\"#3eff5800a2b3af11d\" href=\"#3eff5800a2b3af11d\"><div class=\"fusion-toggle-icon-wrapper\"><i class=\"fa-fusion-box\"><\/i><\/div><div class=\"fusion-toggle-heading\">Publica\u00e7\u00e3o PNCP<\/div><\/a><\/h4><\/div><div id=\"3eff5800a2b3af11d\" class=\"panel-collapse collapse \"><div class=\"panel-body toggle-content\">\u00bb <a href=\"https:\/\/niteroiprev.niteroi.rj.gov.br\/wp-content\/uploads\/2026\/03\/Publicacao-PNCP.pdf\" target=\"_blank\" rel=\"noopener\">Publica\u00e7\u00e3o PNCP<\/a><b>\u00a0<\/b><\/div><\/div><\/div><\/div><\/div><style type=\"text\/css\" scoped=\"scoped\"> }<\/style><div class=\"accordian fusion-accordian\"><div class=\"panel-group\" id=\"accordion-5119-2\">\n<div class=\"fusion-panel panel-default\"><div class=\"panel-heading\"><h4 class=\"panel-title toggle\"><a data-toggle=\"collapse\" data-parent=\"#accordion-5119-2\" data-target=\"#6ca9b366e92cae1aa\" href=\"#6ca9b366e92cae1aa\"><div class=\"fusion-toggle-icon-wrapper\"><i class=\"fa-fusion-box\"><\/i><\/div><div class=\"fusion-toggle-heading\">Edital - Credenciamento 02.2025 - Clube de Vantagens<\/div><\/a><\/h4><\/div><div id=\"6ca9b366e92cae1aa\" class=\"panel-collapse collapse \"><div class=\"panel-body toggle-content\">\u00bb <a href=\"https:\/\/niteroiprev.niteroi.rj.gov.br\/wp-content\/uploads\/2026\/03\/Credenciamento-02-2025-Clube-de-Vantagens.pdf\" target=\"_blank\" rel=\"noopener\">Edital &#8211; Credenciamento 02.2025 &#8211; Clube de Vantagens<\/a><b>\u00a0<\/b><\/div><\/div><\/div><\/div><\/div><style type=\"text\/css\" scoped=\"scoped\"> }<\/style><div class=\"accordian fusion-accordian\"><div class=\"panel-group\" id=\"accordion-5119-3\">\n<div class=\"fusion-panel panel-default\"><div class=\"panel-heading\"><h4 class=\"panel-title toggle\"><a data-toggle=\"collapse\" data-parent=\"#accordion-5119-3\" data-target=\"#a267dd986335b4380\" href=\"#a267dd986335b4380\"><div class=\"fusion-toggle-icon-wrapper\"><i class=\"fa-fusion-box\"><\/i><\/div><div class=\"fusion-toggle-heading\">Publica\u00e7\u00e3o em Di\u00e1rio Oficial<\/div><\/a><\/h4><\/div><div id=\"a267dd986335b4380\" class=\"panel-collapse collapse \"><div class=\"panel-body toggle-content\">\u00bb <a href=\"https:\/\/niteroiprev.niteroi.rj.gov.br\/wp-content\/uploads\/2026\/03\/publicacao-Diario-Oficial.pdf\" target=\"_blank\" rel=\"noopener\">Publica\u00e7\u00e3o em Di\u00e1rio Oficial &#8211; Clube de Vantagens<\/a><b>\u00a0<\/b><\/div><\/div><\/div><\/div><\/div><style type=\"text\/css\" scoped=\"scoped\"> }<\/style><div class=\"accordian fusion-accordian\"><div class=\"panel-group\" id=\"accordion-5119-4\">\n<div style=\"margin-top: 40px;\"><\/div>\n<div class=\"fusion-title title fusion-title-size-one\" style=\"margin-top:0px;margin-bottom:31px;\"><h1 class=\"title-heading-left\">Credenciamento 01.2025 &#8211; Per\u00edcia M\u00e9dica<\/p><\/h1><div class=\"title-sep-container\"><div class=\"title-sep sep-double\" style=\"border-color:#e0dede;\"><\/div><\/div><\/div><p><strong>Contratante UASG<\/strong>: 928561<br \/>\n<strong>Id contrata\u00e7\u00e3o PNCP<\/strong>: 28543098000142-1-000019\/2025<br \/>\n<strong>\u00d3rg\u00e3o<\/strong>: Niter\u00f3i Prev<br \/>\n<strong>Objeto<\/strong>: Contrata\u00e7\u00e3o de Empresas Especializadas para Per\u00edcia M\u00e9dica: Presta\u00e7\u00e3o de servi\u00e7os m\u00e9dicos especializados para realiza\u00e7\u00e3o de per\u00edcias de sa\u00fade para os benefici\u00e1rios e servidores do Munic\u00edpio de Niter\u00f3i, de acordo com o Edital e demais anexos.<br \/>\n<strong>Data de in\u00edcio de recebimento de propostas<\/strong>: 30\/07\/2025 \u00e0s 10:00 h<br \/>\n<strong>Data fim de recebimento de propostas<\/strong>: 29\/07\/2026<br \/>\n<strong>Site<\/strong>:\u00a0www.compras.gov.br<\/p>\n<style type=\"text\/css\" scoped=\"scoped\"> }<\/style><div class=\"accordian fusion-accordian\"><div class=\"panel-group\" id=\"accordion-5119-4\"><\/div><\/div>\n<div class=\"fusion-panel panel-default\"><div class=\"panel-heading\"><h4 class=\"panel-title toggle\"><a data-toggle=\"collapse\" data-parent=\"#accordion-5119-5\" data-target=\"#3d5053df684f6684b\" href=\"#3d5053df684f6684b\"><div class=\"fusion-toggle-icon-wrapper\"><i class=\"fa-fusion-box\"><\/i><\/div><div class=\"fusion-toggle-heading\">Publica\u00e7\u00e3o PNCP<\/div><\/a><\/h4><\/div><div id=\"3d5053df684f6684b\" class=\"panel-collapse collapse \"><div class=\"panel-body toggle-content\">\u00bb <a href=\"https:\/\/niteroiprev.niteroi.rj.gov.br\/wp-content\/uploads\/2025\/07\/Publicacao-PNCP.pdf\" target=\"_blank\" rel=\"noopener\">Publica\u00e7\u00e3o PNCP<\/a><b>\u00a0<\/b><\/div><\/div><\/div><\/div><\/div><style type=\"text\/css\" scoped=\"scoped\"> }<\/style><div class=\"accordian fusion-accordian\"><div class=\"panel-group\" id=\"accordion-5119-6\">\n<div class=\"fusion-panel panel-default\"><div class=\"panel-heading\"><h4 class=\"panel-title toggle\"><a data-toggle=\"collapse\" data-parent=\"#accordion-5119-6\" data-target=\"#c1a91ee160ba859af\" href=\"#c1a91ee160ba859af\"><div class=\"fusion-toggle-icon-wrapper\"><i class=\"fa-fusion-box\"><\/i><\/div><div class=\"fusion-toggle-heading\">Edital - Credenciamento 01.2025 - Pericia Medica<\/div><\/a><\/h4><\/div><div id=\"c1a91ee160ba859af\" class=\"panel-collapse collapse \"><div class=\"panel-body toggle-content\">\u00bb <a href=\"https:\/\/niteroiprev.niteroi.rj.gov.br\/wp-content\/uploads\/2025\/07\/Edital-Credenciamento-01.2025-Pericia-Medica_compressed.pdf\" target=\"_blank\" rel=\"noopener\">Edital &#8211; Credenciamento 01.2025 &#8211; Pericia Medica<\/a><b>\u00a0<\/b><\/div><\/div><\/div><\/div><\/div><style type=\"text\/css\" scoped=\"scoped\"> }<\/style><div class=\"accordian fusion-accordian\"><div class=\"panel-group\" id=\"accordion-5119-7\">\n<div class=\"fusion-panel panel-default\"><div class=\"panel-heading\"><h4 class=\"panel-title toggle\"><a data-toggle=\"collapse\" data-parent=\"#accordion-5119-7\" data-target=\"#54b915e3d8555ba22\" href=\"#54b915e3d8555ba22\"><div class=\"fusion-toggle-icon-wrapper\"><i class=\"fa-fusion-box\"><\/i><\/div><div class=\"fusion-toggle-heading\">Publica\u00e7\u00e3o em Di\u00e1rio Oficial<\/div><\/a><\/h4><\/div><div id=\"54b915e3d8555ba22\" class=\"panel-collapse collapse \"><div class=\"panel-body toggle-content\">\u00bb <a href=\"https:\/\/niteroiprev.niteroi.rj.gov.br\/wp-content\/uploads\/2025\/07\/Publicacao-em-Diario-Oficial_credenciamento.pdf\" target=\"_blank\" rel=\"noopener\">Publica\u00e7\u00e3o em Di\u00e1rio Oficial &#8211; Pericia Medica<\/a><b>\u00a0<\/b><\/div><\/div><\/div><\/div><\/div><style type=\"text\/css\" scoped=\"scoped\"> }<\/style><div class=\"accordian fusion-accordian\"><div class=\"panel-group\" id=\"accordion-5119-8\"><\/div><\/div>\n<div class=\"fusion-clearfix\"><\/div>\n\n\t\t\t\t\t<\/div>\n\t\t\t\t<\/div><div  class=\"fusion-layout-column fusion_builder_column fusion_builder_column_1_5  fusion-one-fifth fusion-column-last 1_5\"  style='margin-top:0px;margin-bottom:20px;width:20%;width:calc(20% - ( ( 4% + 4% ) * 0.2 ) );'>\n\t\t\t\t\t<div class=\"fusion-column-wrapper\" style=\"background-position:left top;background-repeat:no-repeat;-webkit-background-size:cover;-moz-background-size:cover;-o-background-size:cover;background-size:cover;\"  data-bg-url=\"\">\n\t\t\t\t\t\t<div class=\"fusion-clearfix\"><\/div>\n\n\t\t\t\t\t<\/div>\n\t\t\t\t<\/div><\/div><\/div>\n","protected":false},"excerpt":{"rendered":"","protected":false},"author":1,"featured_media":0,"parent":0,"menu_order":0,"comment_status":"closed","ping_status":"closed","template":"","meta":{"_acf_changed":false,"footnotes":""},"class_list":["post-5119","page","type-page","status-publish","hentry"],"acf":[],"_links":{"self":[{"href":"https:\/\/niteroiprev.niteroi.rj.gov.br\/index.php?rest_route=\/wp\/v2\/pages\/5119","targetHints":{"allow":["GET"]}}],"collection":[{"href":"https:\/\/niteroiprev.niteroi.rj.gov.br\/index.php?rest_route=\/wp\/v2\/pages"}],"about":[{"href":"https:\/\/niteroiprev.niteroi.rj.gov.br\/index.php?rest_route=\/wp\/v2\/types\/page"}],"author":[{"embeddable":true,"href":"https:\/\/niteroiprev.niteroi.rj.gov.br\/index.php?rest_route=\/wp\/v2\/users\/1"}],"replies":[{"embeddable":true,"href":"https:\/\/niteroiprev.niteroi.rj.gov.br\/index.php?rest_route=%2Fwp%2Fv2%2Fcomments&post=5119"}],"version-history":[{"count":20,"href":"https:\/\/niteroiprev.niteroi.rj.gov.br\/index.php?rest_route=\/wp\/v2\/pages\/5119\/revisions"}],"predecessor-version":[{"id":7549,"href":"https:\/\/niteroiprev.niteroi.rj.gov.br\/index.php?rest_route=\/wp\/v2\/pages\/5119\/revisions\/7549"}],"wp:attachment":[{"href":"https:\/\/niteroiprev.niteroi.rj.gov.br\/index.php?rest_route=%2Fwp%2Fv2%2Fmedia&parent=5119"}],"curies":[{"name":"wp","href":"https:\/\/api.w.org\/{rel}","templated":true}]}}