{"id":5146,"date":"2025-07-29T18:32:31","date_gmt":"2025-07-29T21:32:31","guid":{"rendered":"https:\/\/niteroiprev.niteroi.rj.gov.br\/?page_id=5146"},"modified":"2026-02-26T17:33:59","modified_gmt":"2026-02-26T20:33:59","slug":"concurso-publico","status":"publish","type":"page","link":"https:\/\/niteroiprev.niteroi.rj.gov.br\/?page_id=5146","title":{"rendered":"Concurso P\u00fablico"},"content":{"rendered":"<div  class=\"fusion-fullwidth fullwidth-box nonhundred-percent-fullwidth\"  style='background-color: rgba(255,255,255,0);background-position: center center;background-repeat: no-repeat;padding-top:0px;padding-right:0px;padding-bottom:0px;padding-left:0px;margin-bottom: 20px;'><div class=\"fusion-builder-row fusion-row \"><div  class=\"fusion-layout-column fusion_builder_column fusion_builder_column_1_5  fusion-one-fifth fusion-column-first 1_5\"  style='margin-top:0px;margin-bottom:20px;width:20%;width:calc(20% - ( ( 4% + 4% ) * 0.2 ) );margin-right: 4%;'>\n\t\t\t\t\t<div class=\"fusion-column-wrapper\" style=\"background-position:left top;background-repeat:no-repeat;-webkit-background-size:cover;-moz-background-size:cover;-o-background-size:cover;background-size:cover;\"  data-bg-url=\"\">\n\t\t\t\t\t\t<div class=\"fusion-clearfix\"><\/div>\n\n\t\t\t\t\t<\/div>\n\t\t\t\t<\/div><div  class=\"fusion-layout-column fusion_builder_column fusion_builder_column_3_5  fusion-three-fifth 3_5\"  style='margin-top:0px;margin-bottom:20px;width:60%;width:calc(60% - ( ( 4% + 4% ) * 0.6 ) );margin-right: 4%;'>\n\t\t\t\t\t<div class=\"fusion-column-wrapper\" style=\"background-position:left top;background-repeat:no-repeat;-webkit-background-size:cover;-moz-background-size:cover;-o-background-size:cover;background-size:cover;\"  data-bg-url=\"\">\n\t\t\t\t\t\t<div class=\"fusion-title title fusion-sep-none fusion-title-size-one\" style=\"margin-top:0px;margin-bottom:31px;\"><h1 class=\"title-heading-left\">Concurso P\u00fablico Niter\u00f3i Prev 2025<\/h1><\/div><style type=\"text\/css\" scoped=\"scoped\"> }<\/style><div class=\"accordian fusion-accordian\"><div class=\"panel-group\" id=\"accordion-5146-1\">\n<div class=\"fusion-panel panel-default\"><div class=\"panel-heading\"><h4 class=\"panel-title toggle\"><a data-toggle=\"collapse\" data-parent=\"#accordion-5146-1\" data-target=\"#4d84375c7d44db3a5\" href=\"#4d84375c7d44db3a5\"><div class=\"fusion-toggle-icon-wrapper\"><i class=\"fa-fusion-box\"><\/i><\/div><div class=\"fusion-toggle-heading\">Publica\u00e7\u00e3o Resultados<\/div><\/a><\/h4><\/div><div id=\"4d84375c7d44db3a5\" class=\"panel-collapse collapse \"><div class=\"panel-body toggle-content\">\n<h3>\u00bb <a href=\"https:\/\/niteroiprev.niteroi.rj.gov.br\/wp-content\/uploads\/2025\/07\/Ato-de-homologacao_assinado_resultado-provisorio_cargo-nivel-medio_compressed.pdf\" target=\"_blank\" rel=\"noopener\">Resultado Provis\u00f3rio<\/a><\/h3>\n<h3>\u00bb <a href=\"https:\/\/niteroiprev.niteroi.rj.gov.br\/wp-content\/uploads\/2025\/08\/NiteroiPREV-Resultado-Final-de-Aprovados-Superior.pdf\" target=\"_blank\" rel=\"noopener\">Resultado Final de Aprovados &#8211; Superior<\/a><\/h3>\n<h3>\u00bb <a href=\"https:\/\/niteroiprev.niteroi.rj.gov.br\/wp-content\/uploads\/2025\/08\/NiteroiPREV-Resultado-Final-de-Aprovados-Superior-PcD.pdf\" target=\"_blank\" rel=\"noopener\">Resultado Final de Aprovados &#8211; Superior &#8211; PcD<\/a><\/h3>\n<h3>\u00bb <a href=\"https:\/\/niteroiprev.niteroi.rj.gov.br\/wp-content\/uploads\/2025\/08\/NiteroiPREV-Resultado-Final-de-Aprovados-Superior-Negros.pdf\" target=\"_blank\" rel=\"noopener\">Resultado Final de Aprovados &#8211; Superior &#8211; Negros<\/a><\/h3>\n<h3>\u00bb <a href=\"https:\/\/niteroiprev.niteroi.rj.gov.br\/wp-content\/uploads\/2025\/08\/NiteroiPREV-Resultado-Definitivo-Prova-Discursiva.pdf\" target=\"_blank\" rel=\"noopener\">Resultado Definitivo Prova Discursiva<\/a><\/h3>\n<h3>\u00bb <a href=\"https:\/\/niteroiprev.niteroi.rj.gov.br\/wp-content\/uploads\/2025\/08\/NiteroiPREV-Resultado-Definitivo-Avaliacao-de-Titulos.pdf\" target=\"_blank\" rel=\"noopener\">Resultado Definitivo Avalia\u00e7\u00e3o de T\u00edtulos<\/a><\/h3>\n<\/div><\/div><\/div><\/div><\/div><style type=\"text\/css\" scoped=\"scoped\"> }<\/style><div class=\"accordian fusion-accordian\"><div class=\"panel-group\" id=\"accordion-5146-2\">\n<div class=\"fusion-panel panel-default\"><div class=\"panel-heading\"><h4 class=\"panel-title toggle\"><a data-toggle=\"collapse\" data-parent=\"#accordion-5146-2\" data-target=\"#61a3c99a031ca0c1c\" href=\"#61a3c99a031ca0c1c\"><div class=\"fusion-toggle-icon-wrapper\"><i class=\"fa-fusion-box\"><\/i><\/div><div class=\"fusion-toggle-heading\">Edital Concurso 2025<\/div><\/a><\/h4><\/div><div id=\"61a3c99a031ca0c1c\" class=\"panel-collapse collapse \"><div class=\"panel-body toggle-content\">\u00bb <a href=\"https:\/\/niteroiprev.niteroi.rj.gov.br\/wp-content\/uploads\/2025\/07\/Edital-Concurso-Niteroi-Prev.pdf\" target=\"_blank\" rel=\"noopener\">Edital Concurso 2025<\/a><b>\u00a0<\/b><\/div><\/div><\/div><\/div><\/div><style type=\"text\/css\" scoped=\"scoped\"> }<\/style><div class=\"accordian fusion-accordian\"><div class=\"panel-group\" id=\"accordion-5146-3\">\n<div class=\"fusion-panel panel-default\"><div class=\"panel-heading\"><h4 class=\"panel-title toggle\"><a data-toggle=\"collapse\" data-parent=\"#accordion-5146-3\" data-target=\"#2c713b69f678c6f05\" href=\"#2c713b69f678c6f05\"><div class=\"fusion-toggle-icon-wrapper\"><i class=\"fa-fusion-box\"><\/i><\/div><div class=\"fusion-toggle-heading\">Publica\u00e7\u00e3o em Di\u00e1rio Oficial<\/div><\/a><\/h4><\/div><div id=\"2c713b69f678c6f05\" class=\"panel-collapse collapse \"><div class=\"panel-body toggle-content\">\u00bb <a href=\"https:\/\/niteroiprev.niteroi.rj.gov.br\/wp-content\/uploads\/2025\/10\/Diario-Oficial-21-08-2025.pdf\" target=\"_blank\" rel=\"noopener\"> Publica\u00e7\u00e3o em Di\u00e1rio Oficial<\/a> <\/div><\/div><\/div><\/div><\/div><style type=\"text\/css\" scoped=\"scoped\"> }<\/style><div class=\"accordian fusion-accordian\"><div class=\"panel-group\" id=\"accordion-5146-4\"><\/div><\/div>\n<div class=\"fusion-clearfix\"><\/div>\n\n\t\t\t\t\t<\/div>\n\t\t\t\t<\/div><div  class=\"fusion-layout-column fusion_builder_column fusion_builder_column_1_5  fusion-one-fifth fusion-column-last 1_5\"  style='margin-top:0px;margin-bottom:20px;width:20%;width:calc(20% - ( ( 4% + 4% ) * 0.2 ) );'>\n\t\t\t\t\t<div class=\"fusion-column-wrapper\" style=\"background-position:left top;background-repeat:no-repeat;-webkit-background-size:cover;-moz-background-size:cover;-o-background-size:cover;background-size:cover;\"  data-bg-url=\"\">\n\t\t\t\t\t\t<div class=\"fusion-clearfix\"><\/div>\n\n\t\t\t\t\t<\/div>\n\t\t\t\t<\/div><\/div><\/div>\n","protected":false},"excerpt":{"rendered":"","protected":false},"author":1,"featured_media":0,"parent":0,"menu_order":0,"comment_status":"closed","ping_status":"closed","template":"","meta":{"_acf_changed":false,"footnotes":""},"class_list":["post-5146","page","type-page","status-publish","hentry"],"acf":[],"_links":{"self":[{"href":"https:\/\/niteroiprev.niteroi.rj.gov.br\/index.php?rest_route=\/wp\/v2\/pages\/5146","targetHints":{"allow":["GET"]}}],"collection":[{"href":"https:\/\/niteroiprev.niteroi.rj.gov.br\/index.php?rest_route=\/wp\/v2\/pages"}],"about":[{"href":"https:\/\/niteroiprev.niteroi.rj.gov.br\/index.php?rest_route=\/wp\/v2\/types\/page"}],"author":[{"embeddable":true,"href":"https:\/\/niteroiprev.niteroi.rj.gov.br\/index.php?rest_route=\/wp\/v2\/users\/1"}],"replies":[{"embeddable":true,"href":"https:\/\/niteroiprev.niteroi.rj.gov.br\/index.php?rest_route=%2Fwp%2Fv2%2Fcomments&post=5146"}],"version-history":[{"count":7,"href":"https:\/\/niteroiprev.niteroi.rj.gov.br\/index.php?rest_route=\/wp\/v2\/pages\/5146\/revisions"}],"predecessor-version":[{"id":7033,"href":"https:\/\/niteroiprev.niteroi.rj.gov.br\/index.php?rest_route=\/wp\/v2\/pages\/5146\/revisions\/7033"}],"wp:attachment":[{"href":"https:\/\/niteroiprev.niteroi.rj.gov.br\/index.php?rest_route=%2Fwp%2Fv2%2Fmedia&parent=5146"}],"curies":[{"name":"wp","href":"https:\/\/api.w.org\/{rel}","templated":true}]}}