{"id":6947,"date":"2026-02-25T15:38:11","date_gmt":"2026-02-25T18:38:11","guid":{"rendered":"https:\/\/niteroiprev.niteroi.rj.gov.br\/?page_id=6947"},"modified":"2026-04-30T11:50:27","modified_gmt":"2026-04-30T14:50:27","slug":"documentos-e-relatorios","status":"publish","type":"page","link":"https:\/\/niteroiprev.niteroi.rj.gov.br\/?page_id=6947","title":{"rendered":"Documentos e Relat\u00f3rios"},"content":{"rendered":"<div  class=\"fusion-fullwidth fullwidth-box nonhundred-percent-fullwidth\"  style='background-color: rgba(255,255,255,0);background-position: center center;background-repeat: no-repeat;padding-top:0px;padding-right:0px;padding-bottom:0px;padding-left:0px;'><div class=\"fusion-builder-row fusion-row \"><div  class=\"fusion-layout-column fusion_builder_column fusion_builder_column_1_1  fusion-one-full fusion-column-first fusion-column-last 1_1\"  style='margin-top:0px;margin-bottom:20px;'>\n\t\t\t\t\t<div class=\"fusion-column-wrapper\" style=\"background-position:left top;background-repeat:no-repeat;-webkit-background-size:cover;-moz-background-size:cover;-o-background-size:cover;background-size:cover;\"  data-bg-url=\"\">\n\t\t\t\t\t\t<div class=\"fusion-title title fusion-sep-none fusion-title-center fusion-title-size-one\" style=\"margin-top:0px;margin-bottom:31px;\"><h1 class=\"title-heading-center\">Documentos e Relat\u00f3rios<\/h1><\/div><style type=\"text\/css\" scoped=\"scoped\"> }<\/style><div class=\"accordian fusion-accordian\"><div class=\"panel-group\" id=\"accordion-6947-1\">\n<div class=\"fusion-panel panel-default\"><div class=\"panel-heading\"><h4 class=\"panel-title toggle\"><a data-toggle=\"collapse\" data-parent=\"#accordion-6947-1\" data-target=\"#1746e91cb98b7b108\" href=\"#1746e91cb98b7b108\"><div class=\"fusion-toggle-icon-wrapper\"><i class=\"fa-fusion-box\"><\/i><\/div><div class=\"fusion-toggle-heading\">Cartilhas<\/div><\/a><\/h4><\/div><div id=\"1746e91cb98b7b108\" class=\"panel-collapse collapse \"><div class=\"panel-body toggle-content\">\n<h3>\u00bb <a href=\"https:\/\/niteroiprev.niteroi.rj.gov.br\/wp-content\/uploads\/2025\/07\/Cartilha-Aposentados-8_compressed.pdf\" target=\"_blank\" rel=\"noopener\">Cartilha do Aposentado<\/a><\/h3>\n<\/div><\/div><\/div>\n<div class=\"fusion-panel panel-default\"><div class=\"panel-heading\"><h4 class=\"panel-title toggle\"><a data-toggle=\"collapse\" data-parent=\"#accordion-6947-1\" data-target=\"#0130f42cd7ed19825\" href=\"#0130f42cd7ed19825\"><div class=\"fusion-toggle-icon-wrapper\"><i class=\"fa-fusion-box\"><\/i><\/div><div class=\"fusion-toggle-heading\">Manuais<\/div><\/a><\/h4><\/div><div id=\"0130f42cd7ed19825\" class=\"panel-collapse collapse \"><div class=\"panel-body toggle-content\">\n<h3><a href=\"https:\/\/niteroiprev.niteroi.rj.gov.br\/wp-content\/uploads\/2025\/09\/VF-MANUAL-DE-PERICIA-MEDICA-revisado-2_compressed-1.pdf\" target=\"_blank\" rel=\"noopener\">\u00bb MPM &#8211; Manual de Per\u00edcias M\u00e9dicas &#8211; Decreto n\u00ba 79\/2025<\/a><\/h3>\n<h3><a href=\"https:\/\/niteroiprev.niteroi.rj.gov.br\/wp-content\/uploads\/2026\/03\/MANUAL-DE-USO-DO-GLPI.pdf\" target=\"_blank\" rel=\"noopener\">\u00bb Manual do GLPI <\/a><\/h3>\n<\/div><\/div><\/div>\n<div class=\"fusion-panel panel-default\"><div class=\"panel-heading\"><h4 class=\"panel-title toggle\"><a data-toggle=\"collapse\" data-parent=\"#accordion-6947-1\" data-target=\"#3b58730ed85db99ae\" href=\"#3b58730ed85db99ae\"><div class=\"fusion-toggle-icon-wrapper\"><i class=\"fa-fusion-box\"><\/i><\/div><div class=\"fusion-toggle-heading\">Pol\u00edticas<\/div><\/a><\/h4><\/div><div id=\"3b58730ed85db99ae\" class=\"panel-collapse collapse \"><div class=\"panel-body toggle-content\">\n<h3><a href=\"https:\/\/niteroiprev.niteroi.rj.gov.br\/wp-content\/uploads\/2025\/07\/Politica-de-Tecnologia-da-Informacao-e-Comunicacao-POLITIC_Decreto-15204-2023.pdf\" target=\"_blank\" rel=\"noopener\">\u00bb Pol\u00edtica de Tecnologia da Informa\u00e7\u00e3o e Comunica\u00e7\u00e3o &#8211; POLITIC<\/a><\/h3>\n<h3><a href=\"https:\/\/niteroiprev.niteroi.rj.gov.br\/wp-content\/uploads\/2026\/03\/PSI-2026-pdf.io_.pdf\" target=\"_blank\" rel=\"noopener\">\u00bb PSI &#8211; Plano de Seguran\u00e7a da Informa\u00e7\u00e3o<\/a><\/h3>\n<\/div><\/div><\/div>\n<div class=\"fusion-panel panel-default\"><div class=\"panel-heading\"><h4 class=\"panel-title toggle\"><a data-toggle=\"collapse\" data-parent=\"#accordion-6947-1\" data-target=\"#9c568efe9fce6f3d0\" href=\"#9c568efe9fce6f3d0\"><div class=\"fusion-toggle-icon-wrapper\"><i class=\"fa-fusion-box\"><\/i><\/div><div class=\"fusion-toggle-heading\">Relat\u00f3rio de Governan\u00e7a <\/div><\/a><\/h4><\/div><div id=\"9c568efe9fce6f3d0\" class=\"panel-collapse collapse \"><div class=\"panel-body toggle-content\">\n<h3><a href=\"https:\/\/niteroiprev.niteroi.rj.gov.br\/wp-content\/uploads\/2026\/04\/Relatorio-de-Governaca-2025_4o-trimestre.pdf\" target=\"_blank\" rel=\"noopener\">\u00bb Relat\u00f3rio de Governan\u00e7a &#8211; 4\u00b0 Trimestre.<\/a><\/h3>\n<h3><a href=\"https:\/\/niteroiprev.niteroi.rj.gov.br\/wp-content\/uploads\/2026\/04\/Relatorio-de-Governaca-2025_3o-trimestre.pdf\" target=\"_blank\" rel=\"noopener\">\u00bb Relat\u00f3rio de Governan\u00e7a &#8211; 3\u00b0 Trimestre.<\/a><\/h3>\n<h3><a href=\"https:\/\/niteroiprev.niteroi.rj.gov.br\/wp-content\/uploads\/2026\/04\/Relatorio-de-Governaca-2025_2o-trimestre.pdf\" target=\"_blank\" rel=\"noopener\">\u00bb Relat\u00f3rio de Governan\u00e7a &#8211; 2\u00b0 Trimestre.<\/a><\/h3>\n<h3><a href=\"https:\/\/niteroiprev.niteroi.rj.gov.br\/wp-content\/uploads\/2025\/08\/RELATORIO-DE-GOVERNANCA-AUDIENCIA-PUBLICA-_compressed.pdf\" target=\"_blank\" rel=\"noopener\">\u00bb Relat\u00f3rio de Governan\u00e7a &#8211; Audi\u00eancia P\u00fablica.<\/a><\/h3>\n<\/div><\/div><\/div>\n<div class=\"fusion-panel panel-default\"><div class=\"panel-heading\"><h4 class=\"panel-title toggle\"><a data-toggle=\"collapse\" data-parent=\"#accordion-6947-1\" data-target=\"#e0e8c3935631e4379\" href=\"#e0e8c3935631e4379\"><div class=\"fusion-toggle-icon-wrapper\"><i class=\"fa-fusion-box\"><\/i><\/div><div class=\"fusion-toggle-heading\">Relat\u00f3rio de Controle Interno <\/div><\/a><\/h4><\/div><div id=\"e0e8c3935631e4379\" class=\"panel-collapse collapse \"><div class=\"panel-body toggle-content\">\n<h3><a href=\"https:\/\/niteroiprev.niteroi.rj.gov.br\/wp-content\/uploads\/2025\/09\/Relatorio-de-Controle-Interno-1\u00b0-Semestre.pdf\" target=\"_blank\" rel=\"noopener\">\u00bb Relat\u00f3rio de Controle Interno 1\u00b0 semestre.<\/a><\/h3>\n<\/div><\/div><\/div>\n<div class=\"fusion-panel panel-default\"><div class=\"panel-heading\"><h4 class=\"panel-title toggle\"><a data-toggle=\"collapse\" data-parent=\"#accordion-6947-1\" data-target=\"#02b676c53958b715b\" href=\"#02b676c53958b715b\"><div class=\"fusion-toggle-icon-wrapper\"><i class=\"fa-fusion-box\"><\/i><\/div><div class=\"fusion-toggle-heading\">Relat\u00f3rio Do Regime De Previd\u00eancia Complementar<\/div><\/a><\/h4><\/div><div id=\"02b676c53958b715b\" class=\"panel-collapse collapse \"><div class=\"panel-body toggle-content\">\n<h3><a href=\"https:\/\/niteroiprev.niteroi.rj.gov.br\/wp-content\/uploads\/2026\/03\/Anexo_10_-_Relatorio_RPC_assinado.pdf\" target=\"_blank\" rel=\"noopener\">\u00bb Relat\u00f3rio Do Regime De Previd\u00eancia Complementar<\/a><\/h3>\n<\/div><\/div><\/div>\n<div class=\"fusion-panel panel-default\"><div class=\"panel-heading\"><h4 class=\"panel-title toggle\"><a data-toggle=\"collapse\" data-parent=\"#accordion-6947-1\" data-target=\"#c1aba1d393b989d68\" href=\"#c1aba1d393b989d68\"><div class=\"fusion-toggle-icon-wrapper\"><i class=\"fa-fusion-box\"><\/i><\/div><div class=\"fusion-toggle-heading\">Plano de capacita\u00e7\u00e3o<\/div><\/a><\/h4><\/div><div id=\"c1aba1d393b989d68\" class=\"panel-collapse collapse \"><div class=\"panel-body toggle-content\">\n<h3><a href=\"https:\/\/niteroiprev.niteroi.rj.gov.br\/wp-content\/uploads\/2026\/03\/Plano-de-capacitacao-atualizado.pdf\" target=\"_blank\" rel=\"noopener\">\u00bb Plano de capacita\u00e7\u00e3o 2025<\/a><\/h3>\n<\/div><\/div><\/div>\n<h3><\/h3>\n<\/div><\/div><div class=\"fusion-clearfix\"><\/div>\n\n\t\t\t\t\t<\/div>\n\t\t\t\t<\/div><\/div><\/div>\n","protected":false},"excerpt":{"rendered":"","protected":false},"author":1,"featured_media":0,"parent":0,"menu_order":0,"comment_status":"closed","ping_status":"closed","template":"","meta":{"_acf_changed":false,"footnotes":""},"class_list":["post-6947","page","type-page","status-publish","hentry"],"acf":[],"_links":{"self":[{"href":"https:\/\/niteroiprev.niteroi.rj.gov.br\/index.php?rest_route=\/wp\/v2\/pages\/6947","targetHints":{"allow":["GET"]}}],"collection":[{"href":"https:\/\/niteroiprev.niteroi.rj.gov.br\/index.php?rest_route=\/wp\/v2\/pages"}],"about":[{"href":"https:\/\/niteroiprev.niteroi.rj.gov.br\/index.php?rest_route=\/wp\/v2\/types\/page"}],"author":[{"embeddable":true,"href":"https:\/\/niteroiprev.niteroi.rj.gov.br\/index.php?rest_route=\/wp\/v2\/users\/1"}],"replies":[{"embeddable":true,"href":"https:\/\/niteroiprev.niteroi.rj.gov.br\/index.php?rest_route=%2Fwp%2Fv2%2Fcomments&post=6947"}],"version-history":[{"count":12,"href":"https:\/\/niteroiprev.niteroi.rj.gov.br\/index.php?rest_route=\/wp\/v2\/pages\/6947\/revisions"}],"predecessor-version":[{"id":7602,"href":"https:\/\/niteroiprev.niteroi.rj.gov.br\/index.php?rest_route=\/wp\/v2\/pages\/6947\/revisions\/7602"}],"wp:attachment":[{"href":"https:\/\/niteroiprev.niteroi.rj.gov.br\/index.php?rest_route=%2Fwp%2Fv2%2Fmedia&parent=6947"}],"curies":[{"name":"wp","href":"https:\/\/api.w.org\/{rel}","templated":true}]}}