{"id":7405,"date":"2026-03-24T16:25:19","date_gmt":"2026-03-24T19:25:19","guid":{"rendered":"https:\/\/niteroiprev.niteroi.rj.gov.br\/?page_id=7405"},"modified":"2026-03-24T16:25:19","modified_gmt":"2026-03-24T19:25:19","slug":"educacao-previdenciaria","status":"publish","type":"page","link":"https:\/\/niteroiprev.niteroi.rj.gov.br\/?page_id=7405","title":{"rendered":"Educa\u00e7\u00e3o Previdenci\u00e1ria"},"content":{"rendered":"<p><div class=\"fusion-button-wrapper fusion-aligncenter\"><style type=\"text\/css\" scoped=\"scoped\">.fusion-button.button-1 .fusion-button-text, .fusion-button.button-1 i {color:#ffffff;}.fusion-button.button-1 {border-width:0px;border-color:#ffffff;}.fusion-button.button-1 .fusion-button-icon-divider{border-color:#ffffff;}.fusion-button.button-1:hover .fusion-button-text, .fusion-button.button-1:hover i,.fusion-button.button-1:focus .fusion-button-text, .fusion-button.button-1:focus i,.fusion-button.button-1:active .fusion-button-text, .fusion-button.button-1:active{color:#ffffff;}.fusion-button.button-1:hover, .fusion-button.button-1:focus, .fusion-button.button-1:active{border-width:0px;border-color:#ffffff;}.fusion-button.button-1:hover .fusion-button-icon-divider, .fusion-button.button-1:hover .fusion-button-icon-divider, .fusion-button.button-1:active .fusion-button-icon-divider{border-color:#ffffff;}.fusion-button.button-1{width:auto;}<\/style><a class=\"fusion-button button-flat fusion-button-round button-large button-default button-1\" target=\"_blank\" rel=\"noopener noreferrer\" href=\"https:\/\/www.youtube.com\/@nitprev\"><span class=\"fusion-button-text\">Educa\u00e7\u00e3o Previdenci\u00e1ria<\/span><\/a><\/div><style type=\"text\/css\" scoped=\"scoped\"> }<\/style><div class=\"accordian fusion-accordian\"><div class=\"panel-group\" id=\"accordion-7405-1\"><\/div><\/div><br \/><\/p>\n","protected":false},"excerpt":{"rendered":"","protected":false},"author":1,"featured_media":0,"parent":0,"menu_order":0,"comment_status":"closed","ping_status":"closed","template":"","meta":{"_acf_changed":false,"footnotes":""},"class_list":["post-7405","page","type-page","status-publish","hentry"],"acf":[],"_links":{"self":[{"href":"https:\/\/niteroiprev.niteroi.rj.gov.br\/index.php?rest_route=\/wp\/v2\/pages\/7405","targetHints":{"allow":["GET"]}}],"collection":[{"href":"https:\/\/niteroiprev.niteroi.rj.gov.br\/index.php?rest_route=\/wp\/v2\/pages"}],"about":[{"href":"https:\/\/niteroiprev.niteroi.rj.gov.br\/index.php?rest_route=\/wp\/v2\/types\/page"}],"author":[{"embeddable":true,"href":"https:\/\/niteroiprev.niteroi.rj.gov.br\/index.php?rest_route=\/wp\/v2\/users\/1"}],"replies":[{"embeddable":true,"href":"https:\/\/niteroiprev.niteroi.rj.gov.br\/index.php?rest_route=%2Fwp%2Fv2%2Fcomments&post=7405"}],"version-history":[{"count":10,"href":"https:\/\/niteroiprev.niteroi.rj.gov.br\/index.php?rest_route=\/wp\/v2\/pages\/7405\/revisions"}],"predecessor-version":[{"id":7415,"href":"https:\/\/niteroiprev.niteroi.rj.gov.br\/index.php?rest_route=\/wp\/v2\/pages\/7405\/revisions\/7415"}],"wp:attachment":[{"href":"https:\/\/niteroiprev.niteroi.rj.gov.br\/index.php?rest_route=%2Fwp%2Fv2%2Fmedia&parent=7405"}],"curies":[{"name":"wp","href":"https:\/\/api.w.org\/{rel}","templated":true}]}}