{"id":7564,"date":"2026-04-22T16:40:50","date_gmt":"2026-04-22T19:40:50","guid":{"rendered":"https:\/\/niteroiprev.niteroi.rj.gov.br\/?page_id=7564"},"modified":"2026-04-22T16:41:04","modified_gmt":"2026-04-22T19:41:04","slug":"aposentadoria-3","status":"publish","type":"page","link":"https:\/\/niteroiprev.niteroi.rj.gov.br\/?page_id=7564","title":{"rendered":"Fale conosco"},"content":{"rendered":"<h2><\/h2>\n<p>&nbsp;<\/p>\n<h2 style=\"text-align: center;\"><span style=\"color: #ff6600;\">Localiza\u00e7\u00e3o:<\/span><\/h2>\n<p style=\"text-align: center;\">Rua da Concei\u00e7\u00e3o,<br \/>\n195 | Centro | Niter\u00f3i \u2013 RJ<br \/>\nCEP: 24020-086<\/p>\n<h2 style=\"text-align: center;\"><span style=\"color: #ff6600;\">Contato:<\/span><\/h2>\n<p style=\"text-align: center;\"><strong>Telefone:<\/strong> (21) 2613-8950 &#8211; <strong>Whatsapp:<\/strong> (21) 2719-4086 <a href=\"https:\/\/wa.me\/552127194086?text=Ol%C3%A1!%20Gostaria%20de%20mais%20informa%C3%A7%C3%B5es.\" target=\"_blank\" rel=\"noopener\"><img loading=\"lazy\" decoding=\"async\" class=\"alignnone wp-image-4777 lazyloaded\" src=\"https:\/\/niteroiprev.niteroi.rj.gov.br\/wp-content\/uploads\/2025\/06\/whatsapp.png\" sizes=\"auto, (max-width: 28px) 100vw, 28px\" srcset=\"https:\/\/niteroiprev.niteroi.rj.gov.br\/wp-content\/uploads\/2025\/06\/whatsapp-66x66.png 66w, https:\/\/niteroiprev.niteroi.rj.gov.br\/wp-content\/uploads\/2025\/06\/whatsapp-150x150.png 150w, https:\/\/niteroiprev.niteroi.rj.gov.br\/wp-content\/uploads\/2025\/06\/whatsapp-200x188.png 200w, https:\/\/niteroiprev.niteroi.rj.gov.br\/wp-content\/uploads\/2025\/06\/whatsapp.png 204w\" alt=\"\" width=\"28\" height=\"27\" data-src=\"https:\/\/niteroiprev.niteroi.rj.gov.br\/wp-content\/uploads\/2025\/06\/whatsapp.png\" data-srcset=\"https:\/\/niteroiprev.niteroi.rj.gov.br\/wp-content\/uploads\/2025\/06\/whatsapp-66x66.png 66w, https:\/\/niteroiprev.niteroi.rj.gov.br\/wp-content\/uploads\/2025\/06\/whatsapp-150x150.png 150w, https:\/\/niteroiprev.niteroi.rj.gov.br\/wp-content\/uploads\/2025\/06\/whatsapp-200x188.png 200w, https:\/\/niteroiprev.niteroi.rj.gov.br\/wp-content\/uploads\/2025\/06\/whatsapp.png 204w\" data-sizes=\"auto, (max-width: 28px) 100vw, 28px\" \/><\/a><br \/>\n<strong>Email:<\/strong><a href=\"mailto:faleconosco@niteroiprev.niteroi.rj.gov.br\" rel=\"noreferrer\"> faleconosco@niteroiprev.niteroi.rj.gov.br<\/a><\/p>\n<p style=\"text-align: center;\"><strong>Hor\u00e1rio de Atendimento:<\/strong>\u00a009 \u00e0s 17 horas.<\/p>\n<h2 style=\"text-align: center;\" data-fontsize=\"18\" data-lineheight=\"27\"><span style=\"color: #ff6600;\">Como chegar:<\/span><\/h2>\n<p style=\"text-align: center;\">Pr\u00f3ximo ao Niter\u00f3i Shopping e \u00e0 Igreja Nossa Senhora da Concei\u00e7\u00e3o<\/p>\n<p>&nbsp;<\/p>\n","protected":false},"excerpt":{"rendered":"<p>&nbsp; Localiza\u00e7\u00e3o: Rua da Concei\u00e7\u00e3o, 195 | Centro | Niter\u00f3i [&hellip;]<\/p>\n","protected":false},"author":1,"featured_media":0,"parent":0,"menu_order":0,"comment_status":"closed","ping_status":"closed","template":"100-width.php","meta":{"_acf_changed":false,"footnotes":""},"class_list":["post-7564","page","type-page","status-publish","hentry"],"acf":[],"_links":{"self":[{"href":"https:\/\/niteroiprev.niteroi.rj.gov.br\/index.php?rest_route=\/wp\/v2\/pages\/7564","targetHints":{"allow":["GET"]}}],"collection":[{"href":"https:\/\/niteroiprev.niteroi.rj.gov.br\/index.php?rest_route=\/wp\/v2\/pages"}],"about":[{"href":"https:\/\/niteroiprev.niteroi.rj.gov.br\/index.php?rest_route=\/wp\/v2\/types\/page"}],"author":[{"embeddable":true,"href":"https:\/\/niteroiprev.niteroi.rj.gov.br\/index.php?rest_route=\/wp\/v2\/users\/1"}],"replies":[{"embeddable":true,"href":"https:\/\/niteroiprev.niteroi.rj.gov.br\/index.php?rest_route=%2Fwp%2Fv2%2Fcomments&post=7564"}],"version-history":[{"count":12,"href":"https:\/\/niteroiprev.niteroi.rj.gov.br\/index.php?rest_route=\/wp\/v2\/pages\/7564\/revisions"}],"predecessor-version":[{"id":7578,"href":"https:\/\/niteroiprev.niteroi.rj.gov.br\/index.php?rest_route=\/wp\/v2\/pages\/7564\/revisions\/7578"}],"wp:attachment":[{"href":"https:\/\/niteroiprev.niteroi.rj.gov.br\/index.php?rest_route=%2Fwp%2Fv2%2Fmedia&parent=7564"}],"curies":[{"name":"wp","href":"https:\/\/api.w.org\/{rel}","templated":true}]}}